{"id":392198,"date":"2025-12-30T05:03:25","date_gmt":"2025-12-30T05:03:25","guid":{"rendered":"https:\/\/gkbuyer.com\/product\/premium-collectibles-studio-1-3-teenage-mutant-ninja-turtles-krang-statue-dx-version-licensed\/"},"modified":"2025-12-30T05:04:04","modified_gmt":"2025-12-30T05:04:04","slug":"premium-collectibles-studio-1-3-teenage-mutant-ninja-turtles-krang-statue-dx-version-licensed","status":"publish","type":"product","link":"https:\/\/gkbuyer.com\/da\/product\/premium-collectibles-studio-1-3-teenage-mutant-ninja-turtles-krang-statue-dx-version-licensed\/","title":{"rendered":"Premium Collectibles Studio &#8211; 1\/3 Teenage Mutant Ninja Turtles Krang Statue DX Version (Licensed)"},"content":{"rendered":"<p>Premium Collectibles Studio is proud to present the latest addition to our TMNT Legends 1:3 Scale Statue line, the interdimensional warlord known as Krang!<br \/>\nStanding an impressive 34\u201d tall, this fully sculpted resin statue depicts Krang piloting his massive humanoid android. This exciting new redesign of Krang\u2019s android by the Kucharek Bros. is packed with incredible details that make this a must have for any TMNT fan. Krang sits in a high tech upgrade of his yellow compartment at the center of the android with a malicious grin plastered across his face.<br \/>\nThe android itself has been outfitted with a number of upgrades while still staying true to the original more comical design. Large gaps between his armor plates give collectors a look at the detailed mechanical workings underneath and large mechanical cables connect the different systems that keep this interdimensional warlord powered up and ready for battle. The Deluxe Edition includes a swap-out ranged weapon for his right hand adding another element to Krang\u2019s intimidating arsenal.<br \/>\nProduct measurements in inches: 34&#8243;H x 21&#8243;W x 16.5&#8243;D<br \/>\nShipping Date: OCT 2026 &#8211; DEC 2026<br \/>\nScale:1:3<br \/>\n-Notice:<br \/>\nPrototypeeksempler vist.<br \/>\nProduktoplysninger kan \u00e6ndres uden yderligere varsel.<br \/>\nBem\u00e6rk venligst, at de endelige produktspecifikationer kan variere, da hvert produkt er h\u00e5ndlavet.<br \/>\nDa produktet stadig er i udviklingsfasen, kan st\u00f8rrelsen (op til 10%) og v\u00e6gten (op til 10 kg) \u00e6ndres under produktionsfasen.<\/p>","protected":false},"excerpt":{"rendered":"<p>Premium Collectibles Studio is proud to present the latest addition to our TMNT Legends 1:3 Scale Statue line, the interdimensional<\/p>","protected":false},"featured_media":388175,"comment_status":"open","ping_status":"open","template":"","meta":[],"product_brand":[],"product_cat":[6944,9874,6788,6778,6786,6782,6784,6772,6776,6780,20418,20419,6913,7031,7410,6787,12341,14016,6774,18168,7032],"product_tag":[],"class_list":{"0":"post-392198","1":"product","2":"type-product","3":"status-publish","4":"has-post-thumbnail","6":"product_cat-1-3","7":"product_cat-70-90cm","8":"product_cat-all-figures","9":"product_cat-figure-character","10":"product_cat-figure-feature","11":"product_cat-figure-height","12":"product_cat-figure-scale","13":"product_cat-figure-status","14":"product_cat-figure-studio","15":"product_cat-figure-type","16":"product_cat-krang","17":"product_cat-krang-teenage-mutant-ninja-turtles-series","18":"product_cat-licensed-statue","19":"product_cat-movie","20":"product_cat-orderable","21":"product_cat-other","22":"product_cat-pre-order","23":"product_cat-premium-collectibles-studio","24":"product_cat-stock-status","25":"product_cat-teenage-mutant-ninja-turtles-series","26":"product_cat-tv-show-figure","27":"pa_character-krang","28":"pa_feature-other","29":"pa_height-70-90cm","30":"pa_production-status-pre-order","31":"pa_release-time-status-2026-12","32":"pa_scale-1-3","33":"pa_stock-released-status-orderable","34":"pa_studio-premium-collectibles-studio","35":"pa_type-2-licensed-statue","37":"first","38":"instock","39":"purchasable","40":"product-type-simple"},"_links":{"self":[{"href":"https:\/\/gkbuyer.com\/da\/wp-json\/wp\/v2\/product\/392198","targetHints":{"allow":["GET"]}}],"collection":[{"href":"https:\/\/gkbuyer.com\/da\/wp-json\/wp\/v2\/product"}],"about":[{"href":"https:\/\/gkbuyer.com\/da\/wp-json\/wp\/v2\/types\/product"}],"replies":[{"embeddable":true,"href":"https:\/\/gkbuyer.com\/da\/wp-json\/wp\/v2\/comments?post=392198"}],"version-history":[{"count":0,"href":"https:\/\/gkbuyer.com\/da\/wp-json\/wp\/v2\/product\/392198\/revisions"}],"wp:featuredmedia":[{"embeddable":true,"href":"https:\/\/gkbuyer.com\/da\/wp-json\/wp\/v2\/media\/388175"}],"wp:attachment":[{"href":"https:\/\/gkbuyer.com\/da\/wp-json\/wp\/v2\/media?parent=392198"}],"wp:term":[{"taxonomy":"product_brand","embeddable":true,"href":"https:\/\/gkbuyer.com\/da\/wp-json\/wp\/v2\/product_brand?post=392198"},{"taxonomy":"product_cat","embeddable":true,"href":"https:\/\/gkbuyer.com\/da\/wp-json\/wp\/v2\/product_cat?post=392198"},{"taxonomy":"product_tag","embeddable":true,"href":"https:\/\/gkbuyer.com\/da\/wp-json\/wp\/v2\/product_tag?post=392198"}],"curies":[{"name":"wp","href":"https:\/\/api.w.org\/{rel}","templated":true}]}}