{"id":179441,"date":"2025-09-11T10:03:45","date_gmt":"2025-09-11T10:03:45","guid":{"rendered":"https:\/\/gkbuyer.com\/product\/imagination-studio-genshin-impact-raiden-shogun-yae-miko-2\/"},"modified":"2025-09-11T10:05:23","modified_gmt":"2025-09-11T10:05:23","slug":"imagination-studio-genshin-impact-raiden-shogun-yae-miko-2","status":"publish","type":"product","link":"https:\/\/gkbuyer.com\/de\/product\/imagination-studio-genshin-impact-raiden-shogun-yae-miko-2\/","title":{"rendered":"Imagination Studio &#8211; Genshin Impact Raiden Shogun &#038; Yae Miko"},"content":{"rendered":"<p>Studio: Imagination Studio<\/p>\n<p>Product Name: Raiden Shogun &#038; Yae Miko<\/p>\n<p>Gesch\u00e4tzte Fertigstellung: 2024 Q1<\/p>\n<p>Gesch\u00e4tzte Gr\u00f6\u00dfe:<br \/>\nNude version &#038; Game version<br \/>\n(H) 33 cm x (D) 19 cm x (W) 16 cm<br \/>\nSM version:<br \/>\n(H) 32 cm x (D) 22 cm x (W) 23 cm<\/p>\n<p>Limited No Of Unit: 370<\/p>\n<p>Produkt-IP: Genshin Impact<\/p>\n<p>Product Role: Raiden Shogun &#038; Yae Miko<\/p>\n<p>Produktmerkmale: 18+ Frau<\/p>\n<p>Produktma\u00dfstab: 1\/6<\/p>\n<p>H\u00f6henbereich: 26\u201335 cm<\/p>\n<p>Produktmaterial: Polyurethan-Harz<\/p>\n<p>Besondere Beschreibung:<br \/>\nNude version: nude + platform (Raiden Shogun)<br \/>\nGame version: game clothing + platform\uff08Raiden Shogun\uff09<br \/>\nSM version: Raiden Shogun regular clothes + Yae Miko regular clothes + platform<br \/>\nSupreme Edition: Game Edition + SM Edition (Yae Miko nude replacement body, Acrylic monument will be given in advance)<\/p>","protected":false},"excerpt":{"rendered":"<p>Studio: Imagination Studio Product Name: Raiden Shogun &#038; Yae Miko Est. Completion: 2024 Q1 Est. Size: Nude version &#038; Game<\/p>","protected":false},"featured_media":132805,"comment_status":"open","ping_status":"open","template":"","meta":[],"product_brand":[],"product_cat":[6801,6851,8276,6788,7717,6775,6778,6786,6782,6784,6772,6776,6780,6861,6781,10781,6802,7716,7715,6773,6774,6815,7893],"product_tag":[],"class_list":{"0":"post-179441","1":"product","2":"type-product","3":"status-publish","4":"has-post-thumbnail","6":"product_cat-1-6","7":"product_cat-18-female","8":"product_cat-26-35cm","9":"product_cat-all-figures","10":"product_cat-beelzebul","11":"product_cat-contact-customer-service-for-spot-price","12":"product_cat-figure-character","13":"product_cat-figure-feature","14":"product_cat-figure-height","15":"product_cat-figure-scale","16":"product_cat-figure-status","17":"product_cat-figure-studio","18":"product_cat-figure-type","19":"product_cat-genshin-impact","20":"product_cat-gk-statue","21":"product_cat-imagination-studio","22":"product_cat-mobile-game-figure","23":"product_cat-raiden-shogun","24":"product_cat-raiden-shogun-beelzebul","25":"product_cat-released","26":"product_cat-stock-status","27":"product_cat-unknown","28":"product_cat-yae-miko","30":"first","31":"instock","32":"purchasable","33":"product-type-variable"},"_links":{"self":[{"href":"https:\/\/gkbuyer.com\/de\/wp-json\/wp\/v2\/product\/179441","targetHints":{"allow":["GET"]}}],"collection":[{"href":"https:\/\/gkbuyer.com\/de\/wp-json\/wp\/v2\/product"}],"about":[{"href":"https:\/\/gkbuyer.com\/de\/wp-json\/wp\/v2\/types\/product"}],"replies":[{"embeddable":true,"href":"https:\/\/gkbuyer.com\/de\/wp-json\/wp\/v2\/comments?post=179441"}],"version-history":[{"count":0,"href":"https:\/\/gkbuyer.com\/de\/wp-json\/wp\/v2\/product\/179441\/revisions"}],"wp:featuredmedia":[{"embeddable":true,"href":"https:\/\/gkbuyer.com\/de\/wp-json\/wp\/v2\/media\/132805"}],"wp:attachment":[{"href":"https:\/\/gkbuyer.com\/de\/wp-json\/wp\/v2\/media?parent=179441"}],"wp:term":[{"taxonomy":"product_brand","embeddable":true,"href":"https:\/\/gkbuyer.com\/de\/wp-json\/wp\/v2\/product_brand?post=179441"},{"taxonomy":"product_cat","embeddable":true,"href":"https:\/\/gkbuyer.com\/de\/wp-json\/wp\/v2\/product_cat?post=179441"},{"taxonomy":"product_tag","embeddable":true,"href":"https:\/\/gkbuyer.com\/de\/wp-json\/wp\/v2\/product_tag?post=179441"}],"curies":[{"name":"wp","href":"https:\/\/api.w.org\/{rel}","templated":true}]}}