{"id":180204,"date":"2025-09-11T14:10:01","date_gmt":"2025-09-11T14:10:01","guid":{"rendered":"https:\/\/gkbuyer.com\/product\/z-studio-arkham-knight-batman-2-origins-batman-2\/"},"modified":"2025-09-11T14:12:11","modified_gmt":"2025-09-11T14:12:11","slug":"z-studio-arkham-knight-batman-2-origins-batman-2","status":"publish","type":"product","link":"https:\/\/gkbuyer.com\/es\/product\/estudio-z-arkham-knight-batman-2-origenes-batman-2\/","title":{"rendered":"Z Studio \u2013 Arkham Knight Batman #2 \u2013 Or\u00edgenes de Batman"},"content":{"rendered":"<p>Estudio: Z Studio<br \/>\nNombre del producto: Arkham Knight Batman #2 \u2013 Batman Or\u00edgenes<br \/>\nFecha estimada de finalizaci\u00f3n:<br \/>\nTama\u00f1o estimado: \u2014<br \/>\nN\u00famero limitado de unidades: \u2014<br \/>\nPropiedad intelectual del producto: Batman<br \/>\nFunci\u00f3n del producto: Batman<br \/>\nCaracter\u00edsticas del producto: Meiman<br \/>\nRelaci\u00f3n de producto: 1\/6<br \/>\nRango de altura: \u2014<br \/>\nMaterial del producto: Resina de poliuretano importada<br \/>\nDescripci\u00f3n especial: Piezas de repuesto para la extensi\u00f3n de la mano del pu\u00f1o, capa de tela aut\u00e9ntica, hebilla met\u00e1lica, plataforma de roca, plataforma de luz de primera bomba de resonancia.<\/p>","protected":false},"excerpt":{"rendered":"<p>Studio: Z Studio Product Name: Arkham Knight Batman #2 &#8211; Origins Batman Est. Completion: Est. Size: &#8212; Limited No Of<\/p>","protected":false},"featured_media":53968,"comment_status":"open","ping_status":"open","template":"","meta":[],"product_brand":[],"product_cat":[6801,8276,6788,7037,6775,6778,6786,6782,6784,6772,6776,6780,6781,6787,6840,6773,6774,6815,8899],"product_tag":[],"class_list":{"0":"post-180204","1":"product","2":"type-product","3":"status-publish","4":"has-post-thumbnail","6":"product_cat-1-6","7":"product_cat-26-35cm","8":"product_cat-all-figures","9":"product_cat-batman","10":"product_cat-contact-customer-service-for-spot-price","11":"product_cat-figure-character","12":"product_cat-figure-feature","13":"product_cat-figure-height","14":"product_cat-figure-scale","15":"product_cat-figure-status","16":"product_cat-figure-studio","17":"product_cat-figure-type","18":"product_cat-gk-statue","19":"product_cat-other","20":"product_cat-other-collectibles","21":"product_cat-released","22":"product_cat-stock-status","23":"product_cat-unknown","24":"product_cat-z-studio","26":"first","27":"instock","28":"purchasable","29":"product-type-variable"},"_links":{"self":[{"href":"https:\/\/gkbuyer.com\/es\/wp-json\/wp\/v2\/product\/180204","targetHints":{"allow":["GET"]}}],"collection":[{"href":"https:\/\/gkbuyer.com\/es\/wp-json\/wp\/v2\/product"}],"about":[{"href":"https:\/\/gkbuyer.com\/es\/wp-json\/wp\/v2\/types\/product"}],"replies":[{"embeddable":true,"href":"https:\/\/gkbuyer.com\/es\/wp-json\/wp\/v2\/comments?post=180204"}],"version-history":[{"count":0,"href":"https:\/\/gkbuyer.com\/es\/wp-json\/wp\/v2\/product\/180204\/revisions"}],"wp:featuredmedia":[{"embeddable":true,"href":"https:\/\/gkbuyer.com\/es\/wp-json\/wp\/v2\/media\/53968"}],"wp:attachment":[{"href":"https:\/\/gkbuyer.com\/es\/wp-json\/wp\/v2\/media?parent=180204"}],"wp:term":[{"taxonomy":"product_brand","embeddable":true,"href":"https:\/\/gkbuyer.com\/es\/wp-json\/wp\/v2\/product_brand?post=180204"},{"taxonomy":"product_cat","embeddable":true,"href":"https:\/\/gkbuyer.com\/es\/wp-json\/wp\/v2\/product_cat?post=180204"},{"taxonomy":"product_tag","embeddable":true,"href":"https:\/\/gkbuyer.com\/es\/wp-json\/wp\/v2\/product_tag?post=180204"}],"curies":[{"name":"wp","href":"https:\/\/api.w.org\/{rel}","templated":true}]}}