{"id":392203,"date":"2025-12-30T05:05:27","date_gmt":"2025-12-30T05:05:27","guid":{"rendered":"https:\/\/gkbuyer.com\/product\/premium-collectibles-studio-grid-alien-1-2-scale-statue-licensed\/"},"modified":"2025-12-30T05:06:15","modified_gmt":"2025-12-30T05:06:15","slug":"premium-collectibles-studio-grid-alien-1-2-scale-statue-licensed","status":"publish","type":"product","link":"https:\/\/gkbuyer.com\/es\/product\/premium-collectibles-studio-grid-alien-1-2-scale-statue-licensed\/","title":{"rendered":"Premium Collectibles Studio &#8211; Grid Alien &#8211; 1\/2 Scale Statue (Licensed)"},"content":{"rendered":"<p>Premium Collectibles Studio is proud to present the Grid Alien 1:2 Scale Statue, an epic new collectible featuring the scarred Xenomorph drone silently stalking its next victim.<br \/>\nStanding 42\u201d tall, the Grid Alien 1:2 Statue is fully sculpted, bringing to life all the incredible details of the iconic Xenomorph design. Scarred in battle by a ferocious Predator, the Grid Alien\u2019s head and shoulders are marked with a crisscross pattern from being ensnared by its deadly foe\u2019s net. The Alien\u2019s acid blood freed it from the snare, but left a vivid green pattern where the trap had constrained it.<br \/>\nThe Grid Alien statue also includes a swap out severed tail, referencing another injury this extraterrestrial warrior sustained in battle. Also included is a swap out lower jaw with the Xenomorph\u2019s terrifying inner jaw protruding from its mouth for an even more frightening display.<br \/>\nProduct measurements in inches: 42&#8243;H x 22&#8243;W x 29&#8243;D<br \/>\nShipping Date: OCT 2026 &#8211; DEC 2026<br \/>\nScale:1:2<br \/>\n-Notice:<br \/>\nSe muestran muestras prototipo.<br \/>\nLos detalles del producto podr\u00edan estar sujetos a cambios sin previo aviso.<br \/>\nTenga en cuenta que las especificaciones finales del producto pueden variar debido a que cada producto est\u00e1 hecho a mano.<br \/>\nDado que el producto a\u00fan se encuentra en la etapa de desarrollo, el tama\u00f1o (hasta 10%) y el peso (hasta 10 kg) pueden cambiar durante la etapa de producci\u00f3n.<\/p>","protected":false},"excerpt":{"rendered":"<p>Premium Collectibles Studio is proud to present the Grid Alien 1:2 Scale Statue, an epic new collectible featuring the scarred<\/p>","protected":false},"featured_media":387654,"comment_status":"open","ping_status":"open","template":"","meta":[],"product_brand":[],"product_cat":[9129,12352,12353,9297,6788,6778,6786,6782,6784,6772,6776,6780,6913,7031,7410,6787,9417,12341,14016,6774,7032],"product_tag":[],"class_list":{"0":"post-392203","1":"product","2":"type-product","3":"status-publish","4":"has-post-thumbnail","6":"product_cat-1-2","7":"product_cat-alien-tv-show-figure","8":"product_cat-alien-alien-tv-show-figure","9":"product_cat-alien","10":"product_cat-all-figures","11":"product_cat-figure-character","12":"product_cat-figure-feature","13":"product_cat-figure-height","14":"product_cat-figure-scale","15":"product_cat-figure-status","16":"product_cat-figure-studio","17":"product_cat-figure-type","18":"product_cat-licensed-statue","19":"product_cat-movie","20":"product_cat-orderable","21":"product_cat-other","22":"product_cat-over-90cm","23":"product_cat-pre-order","24":"product_cat-premium-collectibles-studio","25":"product_cat-stock-status","26":"product_cat-tv-show-figure","27":"pa_character-alien","28":"pa_feature-other","29":"pa_height-over-90cm","30":"pa_production-status-pre-order","31":"pa_release-time-status-2026-12","32":"pa_scale-1-2","33":"pa_stock-released-status-orderable","34":"pa_studio-premium-collectibles-studio","35":"pa_type-2-licensed-statue","37":"first","38":"instock","39":"purchasable","40":"product-type-simple"},"_links":{"self":[{"href":"https:\/\/gkbuyer.com\/es\/wp-json\/wp\/v2\/product\/392203","targetHints":{"allow":["GET"]}}],"collection":[{"href":"https:\/\/gkbuyer.com\/es\/wp-json\/wp\/v2\/product"}],"about":[{"href":"https:\/\/gkbuyer.com\/es\/wp-json\/wp\/v2\/types\/product"}],"replies":[{"embeddable":true,"href":"https:\/\/gkbuyer.com\/es\/wp-json\/wp\/v2\/comments?post=392203"}],"version-history":[{"count":0,"href":"https:\/\/gkbuyer.com\/es\/wp-json\/wp\/v2\/product\/392203\/revisions"}],"wp:featuredmedia":[{"embeddable":true,"href":"https:\/\/gkbuyer.com\/es\/wp-json\/wp\/v2\/media\/387654"}],"wp:attachment":[{"href":"https:\/\/gkbuyer.com\/es\/wp-json\/wp\/v2\/media?parent=392203"}],"wp:term":[{"taxonomy":"product_brand","embeddable":true,"href":"https:\/\/gkbuyer.com\/es\/wp-json\/wp\/v2\/product_brand?post=392203"},{"taxonomy":"product_cat","embeddable":true,"href":"https:\/\/gkbuyer.com\/es\/wp-json\/wp\/v2\/product_cat?post=392203"},{"taxonomy":"product_tag","embeddable":true,"href":"https:\/\/gkbuyer.com\/es\/wp-json\/wp\/v2\/product_tag?post=392203"}],"curies":[{"name":"wp","href":"https:\/\/api.w.org\/{rel}","templated":true}]}}