{"id":159598,"date":"2025-09-09T00:06:42","date_gmt":"2025-09-09T00:06:42","guid":{"rendered":"https:\/\/gkbuyer.com\/product\/square-enix-nierautomata-nier-game-series-10th-anniversary-2b-licensed\/"},"modified":"2025-09-09T00:07:22","modified_gmt":"2025-09-09T00:07:22","slug":"square-enix-nierautomata-nier-game-series-10th-anniversary-2b-licensed","status":"publish","type":"product","link":"https:\/\/gkbuyer.com\/fi\/product\/square-enix-nierautomata-nier-game-series-10th-anniversary-2b-licensed\/","title":{"rendered":"SQUARE ENIX &#8211; NieR:Automata NieR Game Series 10th Anniversary 2B (Licensed)"},"content":{"rendered":"<p>Studio:SQUARE ENIX<br \/>\nProduct Name: NieR Game Series 10th Anniversary 2B<br \/>\nEst. Completion: 2021<br \/>\nSize: (H) 18 cm<br \/>\nRajoitettu yksikk\u00f6m\u00e4\u00e4r\u00e4:<br \/>\nProduct IP: NieR: Automata<br \/>\nProduct Role: 2B<br \/>\nTuotteen ominaisuudet: Muut pelit<br \/>\nTuotteen mittakaava:<br \/>\nHeight Range:16-25cm<br \/>\nProduct Material: PVC, ABS<br \/>\nSpecial Description: Female, Proportional Figure, All Ages, Prize<\/p>","protected":false},"excerpt":{"rendered":"<p>Studio:SQUARE ENIX Product Name: NieR Game Series 10th Anniversary 2B Est. Completion: 2021 Size: (H) 18 cm Limited No Of<\/p>","protected":false},"featured_media":64535,"comment_status":"open","ping_status":"open","template":"","meta":[],"product_brand":[],"product_cat":[6798,7422,7420,6788,6775,6778,6786,6782,6784,6772,6776,6780,6838,7421,6787,6785,6773,7419,6774,6887],"product_tag":[],"class_list":{"0":"post-159598","1":"product","2":"type-product","3":"status-publish","4":"has-post-thumbnail","6":"product_cat-16-25cm","7":"product_cat-2b-nierautomata","8":"product_cat-2b","9":"product_cat-all-figures","10":"product_cat-contact-customer-service-for-spot-price","11":"product_cat-figure-character","12":"product_cat-figure-feature","13":"product_cat-figure-height","14":"product_cat-figure-scale","15":"product_cat-figure-status","16":"product_cat-figure-studio","17":"product_cat-figure-type","18":"product_cat-licensed-figure","19":"product_cat-nierautomata","20":"product_cat-other","21":"product_cat-other-scale","22":"product_cat-released","23":"product_cat-square-enix","24":"product_cat-stock-status","25":"product_cat-video-game-figure","27":"first","28":"instock","29":"purchasable","30":"product-type-simple"},"_links":{"self":[{"href":"https:\/\/gkbuyer.com\/fi\/wp-json\/wp\/v2\/product\/159598","targetHints":{"allow":["GET"]}}],"collection":[{"href":"https:\/\/gkbuyer.com\/fi\/wp-json\/wp\/v2\/product"}],"about":[{"href":"https:\/\/gkbuyer.com\/fi\/wp-json\/wp\/v2\/types\/product"}],"replies":[{"embeddable":true,"href":"https:\/\/gkbuyer.com\/fi\/wp-json\/wp\/v2\/comments?post=159598"}],"version-history":[{"count":0,"href":"https:\/\/gkbuyer.com\/fi\/wp-json\/wp\/v2\/product\/159598\/revisions"}],"wp:featuredmedia":[{"embeddable":true,"href":"https:\/\/gkbuyer.com\/fi\/wp-json\/wp\/v2\/media\/64535"}],"wp:attachment":[{"href":"https:\/\/gkbuyer.com\/fi\/wp-json\/wp\/v2\/media?parent=159598"}],"wp:term":[{"taxonomy":"product_brand","embeddable":true,"href":"https:\/\/gkbuyer.com\/fi\/wp-json\/wp\/v2\/product_brand?post=159598"},{"taxonomy":"product_cat","embeddable":true,"href":"https:\/\/gkbuyer.com\/fi\/wp-json\/wp\/v2\/product_cat?post=159598"},{"taxonomy":"product_tag","embeddable":true,"href":"https:\/\/gkbuyer.com\/fi\/wp-json\/wp\/v2\/product_tag?post=159598"}],"curies":[{"name":"wp","href":"https:\/\/api.w.org\/{rel}","templated":true}]}}