{"id":160900,"date":"2025-09-09T07:04:22","date_gmt":"2025-09-09T07:04:22","guid":{"rendered":"https:\/\/gkbuyer.com\/product\/bandai-bandai-soul-of-chogokin-adventure-prologue-one-piece-animation-25th-going-merry-licensed\/"},"modified":"2025-09-09T07:05:22","modified_gmt":"2025-09-09T07:05:22","slug":"bandai-bandai-soul-of-chogokin-adventure-prologue-one-piece-animation-25th-going-merry-licensed","status":"publish","type":"product","link":"https:\/\/gkbuyer.com\/fi\/product\/bandai-bandai-soul-of-chogokin-adventure-prologue-one-piece-animation-25th-going-merry-licensed\/","title":{"rendered":"Bandai &#8211; Bandai SOUL OF CHOGOKIN Adventure Prologue One Piece Animation 25th Going Merry (Licensed)"},"content":{"rendered":"<p>Tuoteparametrit<\/p>\n<p>Studio: Bandai<br \/>\nProduct Name: Going Merry<br \/>\nEst. Completion: Not specified<br \/>\nSize: (H) 28 CM<br \/>\nRajoitettu yksikk\u00f6m\u00e4\u00e4r\u00e4: Ei m\u00e4\u00e4ritelty<br \/>\nTuotteen IP-osoite: One Piece<br \/>\nProduct Role: Going Merry<br \/>\nProduct Features: Not specified<br \/>\nProduct Scale: Not specified<br \/>\nKorkeusalue: 26\u201335 cm<br \/>\nProduct Material: Not specified<\/p>\n<p>Erikoiskuvaus:<br \/>\nOne Piece Going Merry 25th Anniversary Memorial Edition<br \/>\nIncludes:<\/p>\n<p>2 candles (standard and special 25th anniversary)<br \/>\n2 canisters (large and small)<br \/>\n11 mini figures<br \/>\n1 Luffy minifigure to display on the bow<br \/>\n1 exclusive pedestal<br \/>\n1 complete set of interchangeable parts to reproduce the condition of the wreck<br \/>\n1 Klabautermann minifigure with pedestal<\/p>\n<p>Special Feature:<br \/>\nPress the button on the base to play the &#8220;We Are!&#8221; sound.<\/p>","protected":false},"excerpt":{"rendered":"<p>Product Parameters Studio: Bandai Product Name: Going Merry Est. Completion: Not specified Size: (H) 28 CM Limited No Of Unit:<\/p>","protected":false},"featured_media":42554,"comment_status":"open","ping_status":"open","template":"","meta":[],"product_brand":[],"product_cat":[8276,6788,6789,7008,6775,6778,6786,6782,6784,6772,6776,6780,8678,8679,6913,6793,6787,6785,6773,6774],"product_tag":[],"class_list":{"0":"post-160900","1":"product","2":"type-product","3":"status-publish","4":"has-post-thumbnail","6":"product_cat-26-35cm","7":"product_cat-all-figures","8":"product_cat-anime-figure","9":"product_cat-bandai","10":"product_cat-contact-customer-service-for-spot-price","11":"product_cat-figure-character","12":"product_cat-figure-feature","13":"product_cat-figure-height","14":"product_cat-figure-scale","15":"product_cat-figure-status","16":"product_cat-figure-studio","17":"product_cat-figure-type","18":"product_cat-going-merry","19":"product_cat-going-merry-one-piece","20":"product_cat-licensed-statue","21":"product_cat-one-piece","22":"product_cat-other","23":"product_cat-other-scale","24":"product_cat-released","25":"product_cat-stock-status","27":"first","28":"instock","29":"purchasable","30":"product-type-simple"},"_links":{"self":[{"href":"https:\/\/gkbuyer.com\/fi\/wp-json\/wp\/v2\/product\/160900","targetHints":{"allow":["GET"]}}],"collection":[{"href":"https:\/\/gkbuyer.com\/fi\/wp-json\/wp\/v2\/product"}],"about":[{"href":"https:\/\/gkbuyer.com\/fi\/wp-json\/wp\/v2\/types\/product"}],"replies":[{"embeddable":true,"href":"https:\/\/gkbuyer.com\/fi\/wp-json\/wp\/v2\/comments?post=160900"}],"version-history":[{"count":0,"href":"https:\/\/gkbuyer.com\/fi\/wp-json\/wp\/v2\/product\/160900\/revisions"}],"wp:featuredmedia":[{"embeddable":true,"href":"https:\/\/gkbuyer.com\/fi\/wp-json\/wp\/v2\/media\/42554"}],"wp:attachment":[{"href":"https:\/\/gkbuyer.com\/fi\/wp-json\/wp\/v2\/media?parent=160900"}],"wp:term":[{"taxonomy":"product_brand","embeddable":true,"href":"https:\/\/gkbuyer.com\/fi\/wp-json\/wp\/v2\/product_brand?post=160900"},{"taxonomy":"product_cat","embeddable":true,"href":"https:\/\/gkbuyer.com\/fi\/wp-json\/wp\/v2\/product_cat?post=160900"},{"taxonomy":"product_tag","embeddable":true,"href":"https:\/\/gkbuyer.com\/fi\/wp-json\/wp\/v2\/product_tag?post=160900"}],"curies":[{"name":"wp","href":"https:\/\/api.w.org\/{rel}","templated":true}]}}