{"id":160938,"date":"2025-09-09T07:12:39","date_gmt":"2025-09-09T07:12:39","guid":{"rendered":"https:\/\/gkbuyer.com\/product\/ascendia-studio-original-bunny-girl-incubus-murasaki-licensed\/"},"modified":"2025-09-09T07:13:25","modified_gmt":"2025-09-09T07:13:25","slug":"ascendia-studio-original-bunny-girl-incubus-murasaki-licensed","status":"publish","type":"product","link":"https:\/\/gkbuyer.com\/fi\/product\/ascendia-studio-original-bunny-girl-incubus-murasaki-licensed\/","title":{"rendered":"ASCENDIA Studio &#8211; Original Bunny Girl Incubus Murasaki (Licensed)"},"content":{"rendered":"<p>Tuoteparametrit<\/p>\n<p>Studio: ASCENDIA Studio<br \/>\nProduct Name: Bunny Girl Incubus Murasaki<br \/>\nArvioitu valmistuminen: 2024 Q4<br \/>\nEst. Size: 29 cm (H)<br \/>\nRajoitettu m\u00e4\u00e4r\u00e4 yksik\u00f6it\u00e4: Ei saatavilla<br \/>\nTuotteen IP-osoite: Alkuper\u00e4inen<br \/>\nProduct Role: Murasaki<br \/>\nProduct Features: Original<br \/>\nTuotteen mittakaava: 1\/6<br \/>\nKorkeusalue: 26\u201335 cm<br \/>\nProduct Material: PVC + ABS<br \/>\nErikoiskuvaus: Ei tiedossa<\/p>","protected":false},"excerpt":{"rendered":"<p>Product Parameters Studio: ASCENDIA Studio Product Name: Bunny Girl Incubus Murasaki Est. Completion: 2024 Q4 Est. Size: 29 cm (H)<\/p>","protected":false},"featured_media":48720,"comment_status":"open","ping_status":"open","template":"","meta":[],"product_brand":[],"product_cat":[6801,8276,6788,6819,8705,6775,6778,6786,6782,6784,6772,6776,6780,6838,6914,6787,6840,6773,6774],"product_tag":[],"class_list":{"0":"post-160938","1":"product","2":"type-product","3":"status-publish","4":"has-post-thumbnail","6":"product_cat-1-6","7":"product_cat-26-35cm","8":"product_cat-all-figures","9":"product_cat-artist-design","10":"product_cat-ascendia","11":"product_cat-contact-customer-service-for-spot-price","12":"product_cat-figure-character","13":"product_cat-figure-feature","14":"product_cat-figure-height","15":"product_cat-figure-scale","16":"product_cat-figure-status","17":"product_cat-figure-studio","18":"product_cat-figure-type","19":"product_cat-licensed-figure","20":"product_cat-original","21":"product_cat-other","22":"product_cat-other-collectibles","23":"product_cat-released","24":"product_cat-stock-status","26":"first","27":"instock","28":"purchasable","29":"product-type-simple"},"_links":{"self":[{"href":"https:\/\/gkbuyer.com\/fi\/wp-json\/wp\/v2\/product\/160938","targetHints":{"allow":["GET"]}}],"collection":[{"href":"https:\/\/gkbuyer.com\/fi\/wp-json\/wp\/v2\/product"}],"about":[{"href":"https:\/\/gkbuyer.com\/fi\/wp-json\/wp\/v2\/types\/product"}],"replies":[{"embeddable":true,"href":"https:\/\/gkbuyer.com\/fi\/wp-json\/wp\/v2\/comments?post=160938"}],"version-history":[{"count":0,"href":"https:\/\/gkbuyer.com\/fi\/wp-json\/wp\/v2\/product\/160938\/revisions"}],"wp:featuredmedia":[{"embeddable":true,"href":"https:\/\/gkbuyer.com\/fi\/wp-json\/wp\/v2\/media\/48720"}],"wp:attachment":[{"href":"https:\/\/gkbuyer.com\/fi\/wp-json\/wp\/v2\/media?parent=160938"}],"wp:term":[{"taxonomy":"product_brand","embeddable":true,"href":"https:\/\/gkbuyer.com\/fi\/wp-json\/wp\/v2\/product_brand?post=160938"},{"taxonomy":"product_cat","embeddable":true,"href":"https:\/\/gkbuyer.com\/fi\/wp-json\/wp\/v2\/product_cat?post=160938"},{"taxonomy":"product_tag","embeddable":true,"href":"https:\/\/gkbuyer.com\/fi\/wp-json\/wp\/v2\/product_tag?post=160938"}],"curies":[{"name":"wp","href":"https:\/\/api.w.org\/{rel}","templated":true}]}}