{"id":161009,"date":"2025-09-09T07:25:59","date_gmt":"2025-09-09T07:25:59","guid":{"rendered":"https:\/\/gkbuyer.com\/product\/hapitopi-studio-original-winning-bunny-girl-figures-licensed\/"},"modified":"2025-09-09T07:27:18","modified_gmt":"2025-09-09T07:27:18","slug":"hapitopi-studio-original-winning-bunny-girl-figures-licensed","status":"publish","type":"product","link":"https:\/\/gkbuyer.com\/fi\/product\/hapitopi-studio-original-winning-bunny-girl-figures-licensed\/","title":{"rendered":"Hapitopi Studio &#8211; Original Winning bunny girl figures (Licensed)"},"content":{"rendered":"<p>Tuoteparametrit<br \/>\nStudio: Hapitopi Studio<br \/>\nProduct Name: Winning bunny girl figures<br \/>\nArvioitu valmistuminen: 2025 Q1-Q2<br \/>\nSize: (H) 29 cm<br \/>\nRajoitettu yksikk\u00f6m\u00e4\u00e4r\u00e4: \u2014<br \/>\nTuotteen IP-osoite: Alkuper\u00e4inen<br \/>\nProduct Role: Winning bunny girl<br \/>\nProduct Features: Other originals<br \/>\nTuotteen mittakaava: 1\/6<br \/>\nKorkeusalue: 26\u201335 cm<br \/>\nTuotteen materiaali: \u2014<br \/>\nSpecial Description: Real fishnet stockings, tracking eyes, temperature-sensitive paint<\/p>","protected":false},"excerpt":{"rendered":"<p>Product Parameters Studio: Hapitopi Studio Product Name: Winning bunny girl figures Est. Completion: 2025 Q1-Q2 Size: (H) 29 cm Limited<\/p>","protected":false},"featured_media":42560,"comment_status":"open","ping_status":"open","template":"","meta":[],"product_brand":[],"product_cat":[6801,8276,6788,6819,6775,6778,6786,6782,6784,6772,6776,6780,8754,6838,6914,6787,6840,6773,6774],"product_tag":[],"class_list":{"0":"post-161009","1":"product","2":"type-product","3":"status-publish","4":"has-post-thumbnail","6":"product_cat-1-6","7":"product_cat-26-35cm","8":"product_cat-all-figures","9":"product_cat-artist-design","10":"product_cat-contact-customer-service-for-spot-price","11":"product_cat-figure-character","12":"product_cat-figure-feature","13":"product_cat-figure-height","14":"product_cat-figure-scale","15":"product_cat-figure-status","16":"product_cat-figure-studio","17":"product_cat-figure-type","18":"product_cat-hapitopi-studio","19":"product_cat-licensed-figure","20":"product_cat-original","21":"product_cat-other","22":"product_cat-other-collectibles","23":"product_cat-released","24":"product_cat-stock-status","26":"first","27":"instock","28":"purchasable","29":"product-type-simple"},"_links":{"self":[{"href":"https:\/\/gkbuyer.com\/fi\/wp-json\/wp\/v2\/product\/161009","targetHints":{"allow":["GET"]}}],"collection":[{"href":"https:\/\/gkbuyer.com\/fi\/wp-json\/wp\/v2\/product"}],"about":[{"href":"https:\/\/gkbuyer.com\/fi\/wp-json\/wp\/v2\/types\/product"}],"replies":[{"embeddable":true,"href":"https:\/\/gkbuyer.com\/fi\/wp-json\/wp\/v2\/comments?post=161009"}],"version-history":[{"count":0,"href":"https:\/\/gkbuyer.com\/fi\/wp-json\/wp\/v2\/product\/161009\/revisions"}],"wp:featuredmedia":[{"embeddable":true,"href":"https:\/\/gkbuyer.com\/fi\/wp-json\/wp\/v2\/media\/42560"}],"wp:attachment":[{"href":"https:\/\/gkbuyer.com\/fi\/wp-json\/wp\/v2\/media?parent=161009"}],"wp:term":[{"taxonomy":"product_brand","embeddable":true,"href":"https:\/\/gkbuyer.com\/fi\/wp-json\/wp\/v2\/product_brand?post=161009"},{"taxonomy":"product_cat","embeddable":true,"href":"https:\/\/gkbuyer.com\/fi\/wp-json\/wp\/v2\/product_cat?post=161009"},{"taxonomy":"product_tag","embeddable":true,"href":"https:\/\/gkbuyer.com\/fi\/wp-json\/wp\/v2\/product_tag?post=161009"}],"curies":[{"name":"wp","href":"https:\/\/api.w.org\/{rel}","templated":true}]}}