{"id":161949,"date":"2025-09-09T10:03:35","date_gmt":"2025-09-09T10:03:35","guid":{"rendered":"https:\/\/gkbuyer.com\/product\/sideshow-collectibles-marvel-wolverine-berserker-rage-300847-licensed\/"},"modified":"2025-09-09T10:05:37","modified_gmt":"2025-09-09T10:05:37","slug":"sideshow-collectibles-marvel-wolverine-berserker-rage-300847-licensed","status":"publish","type":"product","link":"https:\/\/gkbuyer.com\/fi\/product\/sideshow-collectibles-marvel-wolverine-berserker-rage-300847-licensed\/","title":{"rendered":"Sideshow Collectibles &#8211; Marvel WOLVERINE BERSERKER RAGE 300847 (Licensed)"},"content":{"rendered":"<p>Studio: Sideshow Collectibles<br \/>\nProduct Name: WOLVERINE BERSERKER RAGE<br \/>\nEst. Completion:2025 Q3-Q4<br \/>\nSize: (H) 48 cm x (D) 51 cm x (W) 43 cm<br \/>\nRajoitettu yksikk\u00f6m\u00e4\u00e4r\u00e4:<br \/>\nProduct IP: Marvel<br \/>\nProduct Role: Wolverine<br \/>\nProduct Features: American Comics<br \/>\nTuotteen mittakaava:<br \/>\nKorkeusalue: 36\u201350 cm<br \/>\nProduct Material: Polystone<br \/>\nErikoiskuvaus:<br \/>\n\u201cThere\u2019s a part of me as wild and fierce as my namesake.\u201d<br \/>\nSideshow presents the\u00a0Wolverine: Berserker Rage Statue. This beastly Marvel Collectible highlights the fierce nature of this super hero.<br \/>\nThe Wolverine: Berserker Rage Statue measures 18.75\u201d tall, 16\u201d wide, and 21\u201d deep as this frenzied mutant becomes downright lethal. Caught in a dark, dangerous science facility, Wolverine unsheathes his long claws as he hunches over and prepares to let loose the beast within. When he\u2019s overwhelmed by this primal power, nothing \u2014 and no one \u2014 can tame him.<br \/>\nInspired by the character\u2019s appearance in Marvel Comics, this fully sculpted X-Men Collectible depicts Wolverine in a fit of total fury. James Howlett wears his team\u2019s classic yellow and blue \u201990s-era uniform, complete with an iconic mask and thick gloves and boots. The statue also features a red light-up function in its circular base which adds to the intense atmosphere. From Logan\u2019s intimidating presence to the immense detailing and more, all of these essential elements of Wolverine are packed into a single collectible, cementing it as the ultimate centerpiece for all X-Men fans.<br \/>\nWhat are you waiting for, bub? Bring home the Wolverine: Berserker Rage Statue by Sideshow today.<\/p>","protected":false},"excerpt":{"rendered":"<p>Studio: Sideshow Collectibles Product Name: WOLVERINE BERSERKER RAGE Est. Completion:2025 Q3-Q4 Size: (H) 48 cm x (D) 51 cm x<\/p>","protected":false},"featured_media":99220,"comment_status":"open","ping_status":"open","template":"","meta":[],"product_brand":[],"product_cat":[7982,6788,6775,6778,6786,6782,6784,6772,6776,6780,6913,7254,6787,6785,6773,9120,6774,7038,7039,7747],"product_tag":[],"class_list":{"0":"post-161949","1":"product","2":"type-product","3":"status-publish","4":"has-post-thumbnail","6":"product_cat-36-50cm","7":"product_cat-all-figures","8":"product_cat-contact-customer-service-for-spot-price","9":"product_cat-figure-character","10":"product_cat-figure-feature","11":"product_cat-figure-height","12":"product_cat-figure-scale","13":"product_cat-figure-status","14":"product_cat-figure-studio","15":"product_cat-figure-type","16":"product_cat-licensed-statue","17":"product_cat-marvel","18":"product_cat-other","19":"product_cat-other-scale","20":"product_cat-released","21":"product_cat-sideshow-collectibles","22":"product_cat-stock-status","23":"product_cat-super-hero","24":"product_cat-tokusatsu-figure","25":"product_cat-wolverine","27":"first","28":"instock","29":"purchasable","30":"product-type-simple"},"_links":{"self":[{"href":"https:\/\/gkbuyer.com\/fi\/wp-json\/wp\/v2\/product\/161949","targetHints":{"allow":["GET"]}}],"collection":[{"href":"https:\/\/gkbuyer.com\/fi\/wp-json\/wp\/v2\/product"}],"about":[{"href":"https:\/\/gkbuyer.com\/fi\/wp-json\/wp\/v2\/types\/product"}],"replies":[{"embeddable":true,"href":"https:\/\/gkbuyer.com\/fi\/wp-json\/wp\/v2\/comments?post=161949"}],"version-history":[{"count":0,"href":"https:\/\/gkbuyer.com\/fi\/wp-json\/wp\/v2\/product\/161949\/revisions"}],"wp:featuredmedia":[{"embeddable":true,"href":"https:\/\/gkbuyer.com\/fi\/wp-json\/wp\/v2\/media\/99220"}],"wp:attachment":[{"href":"https:\/\/gkbuyer.com\/fi\/wp-json\/wp\/v2\/media?parent=161949"}],"wp:term":[{"taxonomy":"product_brand","embeddable":true,"href":"https:\/\/gkbuyer.com\/fi\/wp-json\/wp\/v2\/product_brand?post=161949"},{"taxonomy":"product_cat","embeddable":true,"href":"https:\/\/gkbuyer.com\/fi\/wp-json\/wp\/v2\/product_cat?post=161949"},{"taxonomy":"product_tag","embeddable":true,"href":"https:\/\/gkbuyer.com\/fi\/wp-json\/wp\/v2\/product_tag?post=161949"}],"curies":[{"name":"wp","href":"https:\/\/api.w.org\/{rel}","templated":true}]}}