{"id":161991,"date":"2025-09-09T10:13:13","date_gmt":"2025-09-09T10:13:13","guid":{"rendered":"https:\/\/gkbuyer.com\/product\/black-studio-one-piece-red-hair-pirates-2-0-3-hongo-building-snake-2\/"},"modified":"2025-09-09T10:14:28","modified_gmt":"2025-09-09T10:14:28","slug":"black-studio-one-piece-red-hair-pirates-2-0-3-hongo-building-snake-2","status":"publish","type":"product","link":"https:\/\/gkbuyer.com\/fi\/product\/black-studio-one-piece-red-hair-pirates-2-0-3-hongo-building-snake-2\/","title":{"rendered":"Black Studio &#8211; One Piece Red Hair Pirates 2.0 #3 Hongo &#038; Building Snake"},"content":{"rendered":"<p>[Ennakkotilaus]<br \/>\nStudio: Black Studio<br \/>\nProduct Name: Red Hair Pirates 2.0 #3 Hongo &#038; Building Snake<br \/>\nArvioitu valmistuminen: 2023 Q3-Q4<br \/>\nArvioitu koko:<br \/>\nHongo(H) 24cm<br \/>\nBuilding Snake(H) 29.5 cm<br \/>\nRajoitettu yksikk\u00f6m\u00e4\u00e4r\u00e4: 50<br \/>\nTuotteen IP-osoite: One Piece<br \/>\nProduct Role: Hongo &#038; Building Snake<br \/>\nTuotteen ominaisuudet: Kuumaverinen anime<br \/>\nTuotteen mittakaava: Rajoittamaton<br \/>\nKorkeusalue: 16\u201325 cm<br \/>\nTuotteen materiaali: \u2014<br \/>\nSpecial Description: Configuration: main body + platform + nameplate<\/p>","protected":false},"excerpt":{"rendered":"<p>[Pre-Order] Studio: Black Studio Product Name: Red Hair Pirates 2.0 #3 Hongo &#038; Building Snake Est. Completion: 2023 Q3-Q4 Est.<\/p>","protected":false},"featured_media":57913,"comment_status":"open","ping_status":"open","template":"","meta":[],"product_brand":[],"product_cat":[6798,8276,6788,6789,7133,6775,6778,6786,6782,6784,6772,6776,6780,6781,6793,6787,6785,7484,7485,6773,6774],"product_tag":[],"class_list":{"0":"post-161991","1":"product","2":"type-product","3":"status-publish","4":"has-post-thumbnail","6":"product_cat-16-25cm","7":"product_cat-26-35cm","8":"product_cat-all-figures","9":"product_cat-anime-figure","10":"product_cat-black-studio","11":"product_cat-contact-customer-service-for-spot-price","12":"product_cat-figure-character","13":"product_cat-figure-feature","14":"product_cat-figure-height","15":"product_cat-figure-scale","16":"product_cat-figure-status","17":"product_cat-figure-studio","18":"product_cat-figure-type","19":"product_cat-gk-statue","20":"product_cat-one-piece","21":"product_cat-other","22":"product_cat-other-scale","23":"product_cat-red-hair-pirates","24":"product_cat-red-hair-pirates-one-piece","25":"product_cat-released","26":"product_cat-stock-status","28":"first","29":"instock","30":"purchasable","31":"product-type-simple"},"_links":{"self":[{"href":"https:\/\/gkbuyer.com\/fi\/wp-json\/wp\/v2\/product\/161991","targetHints":{"allow":["GET"]}}],"collection":[{"href":"https:\/\/gkbuyer.com\/fi\/wp-json\/wp\/v2\/product"}],"about":[{"href":"https:\/\/gkbuyer.com\/fi\/wp-json\/wp\/v2\/types\/product"}],"replies":[{"embeddable":true,"href":"https:\/\/gkbuyer.com\/fi\/wp-json\/wp\/v2\/comments?post=161991"}],"version-history":[{"count":0,"href":"https:\/\/gkbuyer.com\/fi\/wp-json\/wp\/v2\/product\/161991\/revisions"}],"wp:featuredmedia":[{"embeddable":true,"href":"https:\/\/gkbuyer.com\/fi\/wp-json\/wp\/v2\/media\/57913"}],"wp:attachment":[{"href":"https:\/\/gkbuyer.com\/fi\/wp-json\/wp\/v2\/media?parent=161991"}],"wp:term":[{"taxonomy":"product_brand","embeddable":true,"href":"https:\/\/gkbuyer.com\/fi\/wp-json\/wp\/v2\/product_brand?post=161991"},{"taxonomy":"product_cat","embeddable":true,"href":"https:\/\/gkbuyer.com\/fi\/wp-json\/wp\/v2\/product_cat?post=161991"},{"taxonomy":"product_tag","embeddable":true,"href":"https:\/\/gkbuyer.com\/fi\/wp-json\/wp\/v2\/product_tag?post=161991"}],"curies":[{"name":"wp","href":"https:\/\/api.w.org\/{rel}","templated":true}]}}