{"id":162081,"date":"2025-09-09T10:26:11","date_gmt":"2025-09-09T10:26:11","guid":{"rendered":"https:\/\/gkbuyer.com\/product\/ensoutoys-studio-original-mina-swimsuit-version-licensed\/"},"modified":"2025-09-09T10:27:52","modified_gmt":"2025-09-09T10:27:52","slug":"ensoutoys-studio-original-mina-swimsuit-version-licensed","status":"publish","type":"product","link":"https:\/\/gkbuyer.com\/fi\/product\/ensoutoys-studio-original-mina-swimsuit-version-licensed\/","title":{"rendered":"ENSOUTOYS Studio &#8211; original Mina Swimsuit Version (Licensed)"},"content":{"rendered":"<p>Studio: ENSOUTOYS Studio<br \/>\nProduct Name: Mina Swimsuit Version<br \/>\nArvioitu valmistuminen: 2024 Q1-Q2<br \/>\nEst. Size: (H) 26 cm<br \/>\nRajoitettu yksikk\u00f6m\u00e4\u00e4r\u00e4:<br \/>\nProduct IP: original<br \/>\nProduct Role: Mina<br \/>\nProduct Features: beautiful girl<br \/>\nTuotteen mittakaava: 1\/7<br \/>\nKorkeusalue: 26\u201335 cm<br \/>\nTuotteen materiaali: \u2014<br \/>\nSpecial Description: Buy a free hanging picture<br \/>\nIncluded: Accessories include beach base, accessory shoes, hanging pictures<br \/>\nJAN Code :\u00a0 4580416926386<\/p>","protected":false},"excerpt":{"rendered":"<p>Studio: ENSOUTOYS Studio Product Name: Mina Swimsuit Version Est. Completion: 2024 Q1-Q2 Est. Size: (H) 26 cm Limited No Of<\/p>","protected":false},"featured_media":40692,"comment_status":"open","ping_status":"open","template":"","meta":[],"product_brand":[],"product_cat":[6890,8276,6788,6819,6775,9245,6778,6786,6782,6784,6772,6776,6780,6838,6787,6840,6773,6774],"product_tag":[],"class_list":{"0":"post-162081","1":"product","2":"type-product","3":"status-publish","4":"has-post-thumbnail","6":"product_cat-1-7-1-9pop-like","7":"product_cat-26-35cm","8":"product_cat-all-figures","9":"product_cat-artist-design","10":"product_cat-contact-customer-service-for-spot-price","11":"product_cat-ensoutoys","12":"product_cat-figure-character","13":"product_cat-figure-feature","14":"product_cat-figure-height","15":"product_cat-figure-scale","16":"product_cat-figure-status","17":"product_cat-figure-studio","18":"product_cat-figure-type","19":"product_cat-licensed-figure","20":"product_cat-other","21":"product_cat-other-collectibles","22":"product_cat-released","23":"product_cat-stock-status","25":"first","26":"instock","27":"purchasable","28":"product-type-simple"},"_links":{"self":[{"href":"https:\/\/gkbuyer.com\/fi\/wp-json\/wp\/v2\/product\/162081","targetHints":{"allow":["GET"]}}],"collection":[{"href":"https:\/\/gkbuyer.com\/fi\/wp-json\/wp\/v2\/product"}],"about":[{"href":"https:\/\/gkbuyer.com\/fi\/wp-json\/wp\/v2\/types\/product"}],"replies":[{"embeddable":true,"href":"https:\/\/gkbuyer.com\/fi\/wp-json\/wp\/v2\/comments?post=162081"}],"version-history":[{"count":0,"href":"https:\/\/gkbuyer.com\/fi\/wp-json\/wp\/v2\/product\/162081\/revisions"}],"wp:featuredmedia":[{"embeddable":true,"href":"https:\/\/gkbuyer.com\/fi\/wp-json\/wp\/v2\/media\/40692"}],"wp:attachment":[{"href":"https:\/\/gkbuyer.com\/fi\/wp-json\/wp\/v2\/media?parent=162081"}],"wp:term":[{"taxonomy":"product_brand","embeddable":true,"href":"https:\/\/gkbuyer.com\/fi\/wp-json\/wp\/v2\/product_brand?post=162081"},{"taxonomy":"product_cat","embeddable":true,"href":"https:\/\/gkbuyer.com\/fi\/wp-json\/wp\/v2\/product_cat?post=162081"},{"taxonomy":"product_tag","embeddable":true,"href":"https:\/\/gkbuyer.com\/fi\/wp-json\/wp\/v2\/product_tag?post=162081"}],"curies":[{"name":"wp","href":"https:\/\/api.w.org\/{rel}","templated":true}]}}