{"id":162160,"date":"2025-09-09T10:43:41","date_gmt":"2025-09-09T10:43:41","guid":{"rendered":"https:\/\/gkbuyer.com\/product\/freeing-studio-street-fighter-b-style-street-fighter-chun-li-bunny-girl-licensed\/"},"modified":"2025-09-09T10:45:27","modified_gmt":"2025-09-09T10:45:27","slug":"freeing-studio-street-fighter-b-style-street-fighter-chun-li-bunny-girl-licensed","status":"publish","type":"product","link":"https:\/\/gkbuyer.com\/fi\/product\/freeing-studio-street-fighter-b-style-street-fighter-chun-li-bunny-girl-licensed\/","title":{"rendered":"FREEing Studio &#8211; Street Fighter B-style Street Fighter Chun-Li Bunny Girl (Licensed)"},"content":{"rendered":"<p>Studio: FREEing Studio<br \/>\nProduct Name: B-style Street Fighter Chun-Li Bunny Girl<br \/>\nArvioitu valmistuminen: 2025 Q1-Q2<br \/>\nSize: (H) 48 cm<br \/>\nRajoitettu yksikk\u00f6m\u00e4\u00e4r\u00e4:<br \/>\nProduct IP: Street Fighter<br \/>\nProduct Role: Chun-Li<br \/>\nTuotteen ominaisuudet: Muut pelit<br \/>\nTuotteen mittakaava:<br \/>\nHeight Range:\u00a036-50cm<br \/>\nProduct Material: ATBC-PVC, ABS<br \/>\nErikoiskuvaus:<\/p>","protected":false},"excerpt":{"rendered":"<p>Studio: FREEing Studio Product Name: B-style Street Fighter Chun-Li Bunny Girl Est. Completion: 2025 Q1-Q2 Size: (H) 48 cm Limited<\/p>","protected":false},"featured_media":98863,"comment_status":"open","ping_status":"open","template":"","meta":[],"product_brand":[],"product_cat":[7982,6788,7337,6775,6778,6786,6782,6784,6772,6776,6780,9286,6838,6787,6785,6773,6774,8621,6887],"product_tag":[],"class_list":{"0":"post-162160","1":"product","2":"type-product","3":"status-publish","4":"has-post-thumbnail","6":"product_cat-36-50cm","7":"product_cat-all-figures","8":"product_cat-chun-li","9":"product_cat-contact-customer-service-for-spot-price","10":"product_cat-figure-character","11":"product_cat-figure-feature","12":"product_cat-figure-height","13":"product_cat-figure-scale","14":"product_cat-figure-status","15":"product_cat-figure-studio","16":"product_cat-figure-type","17":"product_cat-freeing","18":"product_cat-licensed-figure","19":"product_cat-other","20":"product_cat-other-scale","21":"product_cat-released","22":"product_cat-stock-status","23":"product_cat-street-fighter","24":"product_cat-video-game-figure","26":"first","27":"instock","28":"purchasable","29":"product-type-simple"},"_links":{"self":[{"href":"https:\/\/gkbuyer.com\/fi\/wp-json\/wp\/v2\/product\/162160","targetHints":{"allow":["GET"]}}],"collection":[{"href":"https:\/\/gkbuyer.com\/fi\/wp-json\/wp\/v2\/product"}],"about":[{"href":"https:\/\/gkbuyer.com\/fi\/wp-json\/wp\/v2\/types\/product"}],"replies":[{"embeddable":true,"href":"https:\/\/gkbuyer.com\/fi\/wp-json\/wp\/v2\/comments?post=162160"}],"version-history":[{"count":0,"href":"https:\/\/gkbuyer.com\/fi\/wp-json\/wp\/v2\/product\/162160\/revisions"}],"wp:featuredmedia":[{"embeddable":true,"href":"https:\/\/gkbuyer.com\/fi\/wp-json\/wp\/v2\/media\/98863"}],"wp:attachment":[{"href":"https:\/\/gkbuyer.com\/fi\/wp-json\/wp\/v2\/media?parent=162160"}],"wp:term":[{"taxonomy":"product_brand","embeddable":true,"href":"https:\/\/gkbuyer.com\/fi\/wp-json\/wp\/v2\/product_brand?post=162160"},{"taxonomy":"product_cat","embeddable":true,"href":"https:\/\/gkbuyer.com\/fi\/wp-json\/wp\/v2\/product_cat?post=162160"},{"taxonomy":"product_tag","embeddable":true,"href":"https:\/\/gkbuyer.com\/fi\/wp-json\/wp\/v2\/product_tag?post=162160"}],"curies":[{"name":"wp","href":"https:\/\/api.w.org\/{rel}","templated":true}]}}