{"id":162165,"date":"2025-09-09T10:45:34","date_gmt":"2025-09-09T10:45:34","guid":{"rendered":"https:\/\/gkbuyer.com\/product\/hapitopi-studio-original-wet-discipline-committee-licensed\/"},"modified":"2025-09-09T10:46:03","modified_gmt":"2025-09-09T10:46:03","slug":"hapitopi-studio-original-wet-discipline-committee-licensed","status":"publish","type":"product","link":"https:\/\/gkbuyer.com\/fi\/product\/hapitopi-studio-original-wet-discipline-committee-licensed\/","title":{"rendered":"Hapitopi Studio &#8211; Original Wet Discipline Committee (Licensed)"},"content":{"rendered":"<p>[Pre-Order Closed]<br \/>\nStudio: Hapitopi Studio<br \/>\nProduct Name: Wet Discipline Committee<br \/>\nArvioitu valmistuminen: 2024 Q1-Q2<br \/>\nEst. Size: (H) 26.5 cm<br \/>\nRajoitettu yksikk\u00f6m\u00e4\u00e4r\u00e4: \u2014<br \/>\nProduct IP: original<br \/>\nProduct Role: Wet Discipline Committee<br \/>\nProduct Features: beautiful girl<br \/>\nTuotteen mittakaava: 1\/6<br \/>\nKorkeusalue: 26\u201335 cm<br \/>\nProduct Material: PVC, ABS, Silicone, PU, Cloth<br \/>\nErikoiskuvaus: \u2014<br \/>\nJAN Code :\u00a0\u00a06971651926121<\/p>","protected":false},"excerpt":{"rendered":"<p>[Pre-Order Closed] Studio: Hapitopi Studio Product Name: Wet Discipline Committee Est. Completion: 2024 Q1-Q2 Est. Size: (H) 26.5 cm Limited<\/p>","protected":false},"featured_media":58246,"comment_status":"open","ping_status":"open","template":"","meta":[],"product_brand":[],"product_cat":[6801,8276,6788,6819,6775,6778,6786,6782,6784,6772,6776,6780,8754,6838,6787,6840,6773,6774],"product_tag":[],"class_list":{"0":"post-162165","1":"product","2":"type-product","3":"status-publish","4":"has-post-thumbnail","6":"product_cat-1-6","7":"product_cat-26-35cm","8":"product_cat-all-figures","9":"product_cat-artist-design","10":"product_cat-contact-customer-service-for-spot-price","11":"product_cat-figure-character","12":"product_cat-figure-feature","13":"product_cat-figure-height","14":"product_cat-figure-scale","15":"product_cat-figure-status","16":"product_cat-figure-studio","17":"product_cat-figure-type","18":"product_cat-hapitopi-studio","19":"product_cat-licensed-figure","20":"product_cat-other","21":"product_cat-other-collectibles","22":"product_cat-released","23":"product_cat-stock-status","25":"first","26":"instock","27":"purchasable","28":"product-type-simple"},"_links":{"self":[{"href":"https:\/\/gkbuyer.com\/fi\/wp-json\/wp\/v2\/product\/162165","targetHints":{"allow":["GET"]}}],"collection":[{"href":"https:\/\/gkbuyer.com\/fi\/wp-json\/wp\/v2\/product"}],"about":[{"href":"https:\/\/gkbuyer.com\/fi\/wp-json\/wp\/v2\/types\/product"}],"replies":[{"embeddable":true,"href":"https:\/\/gkbuyer.com\/fi\/wp-json\/wp\/v2\/comments?post=162165"}],"version-history":[{"count":0,"href":"https:\/\/gkbuyer.com\/fi\/wp-json\/wp\/v2\/product\/162165\/revisions"}],"wp:featuredmedia":[{"embeddable":true,"href":"https:\/\/gkbuyer.com\/fi\/wp-json\/wp\/v2\/media\/58246"}],"wp:attachment":[{"href":"https:\/\/gkbuyer.com\/fi\/wp-json\/wp\/v2\/media?parent=162165"}],"wp:term":[{"taxonomy":"product_brand","embeddable":true,"href":"https:\/\/gkbuyer.com\/fi\/wp-json\/wp\/v2\/product_brand?post=162165"},{"taxonomy":"product_cat","embeddable":true,"href":"https:\/\/gkbuyer.com\/fi\/wp-json\/wp\/v2\/product_cat?post=162165"},{"taxonomy":"product_tag","embeddable":true,"href":"https:\/\/gkbuyer.com\/fi\/wp-json\/wp\/v2\/product_tag?post=162165"}],"curies":[{"name":"wp","href":"https:\/\/api.w.org\/{rel}","templated":true}]}}