{"id":162202,"date":"2025-09-09T10:51:29","date_gmt":"2025-09-09T10:51:29","guid":{"rendered":"https:\/\/gkbuyer.com\/product\/taikonaut-studio-astronaut-1-4-statue-licensed\/"},"modified":"2025-09-09T10:52:38","modified_gmt":"2025-09-09T10:52:38","slug":"taikonaut-studio-astronaut-1-4-statue-licensed","status":"publish","type":"product","link":"https:\/\/gkbuyer.com\/fi\/product\/taikonaut-studio-astronaut-1-4-patsas-lisensoitu\/","title":{"rendered":"TAIKONAUT-studio \u2013 Astronaut 1\/4 -patsas (lisensoitu)"},"content":{"rendered":"<p>TAIKONAUT Astronautti 1\/4 -patsas<br \/>\nJulkisten tietojen mukaan &#039;TAIKONAUT&#039; on kooltaan 535 x 840 x 852 mm, mittakaavassa 1\/4 ja painaa 30\u201335 kg.<br \/>\nKansallisten lahjam\u00e4\u00e4r\u00e4ysten mukaisesti valmistettu se viittaa yksityiskohtiin, kuten astronautin avaruusoperaatioihin tarkoitettuun ryhtiin, avaruusaseman robottik\u00e4sivarteen ja astronautin avaruusoperaatioihin tarkoitettuihin ty\u00f6kaluihin, mik\u00e4 tekee siit\u00e4 ainutlaatuisen muistoesineen.<br \/>\nLis\u00e4ksi jokaisen hahmon mukana tulee arvokas pala Long March -raketin romua ensimm\u00e4iselt\u00e4 avaruusk\u00e4velylt\u00e4. Palan asettaminen hahmoon aktivoi raketin romuilta suojaavan suojuksen valaistuksen, mik\u00e4 lis\u00e4\u00e4 seremoniallisuutta.<br \/>\nHahmon ainutlaatuisuuden varmistamiseksi jokaisessa kappaleessa on NFC-siru, jossa on ainutlaatuinen ker\u00e4ilynumero. Sirun skannaaminen matkapuhelimella mahdollistaa tunnistamisen ja varmentamisen.<\/p>","protected":false},"excerpt":{"rendered":"<p>TAIKONAUT Astronaut 1\/4 Statue According to public information, the &#8216;TAIKONAUT&#8217; measures 535 x 840 x 852 mm, is in 1\/4<\/p>","protected":false},"featured_media":87098,"comment_status":"open","ping_status":"open","template":"","meta":[],"product_brand":[],"product_cat":[6943,7982,6788,6819,6775,6778,6786,6782,6784,6772,6776,6780,6913,6914,6787,6840,6773,6774,9303],"product_tag":[],"class_list":{"0":"post-162202","1":"product","2":"type-product","3":"status-publish","4":"has-post-thumbnail","6":"product_cat-1-4","7":"product_cat-36-50cm","8":"product_cat-all-figures","9":"product_cat-artist-design","10":"product_cat-contact-customer-service-for-spot-price","11":"product_cat-figure-character","12":"product_cat-figure-feature","13":"product_cat-figure-height","14":"product_cat-figure-scale","15":"product_cat-figure-status","16":"product_cat-figure-studio","17":"product_cat-figure-type","18":"product_cat-licensed-statue","19":"product_cat-original","20":"product_cat-other","21":"product_cat-other-collectibles","22":"product_cat-released","23":"product_cat-stock-status","24":"product_cat-taikonaut-studio","26":"first","27":"instock","28":"purchasable","29":"product-type-simple"},"_links":{"self":[{"href":"https:\/\/gkbuyer.com\/fi\/wp-json\/wp\/v2\/product\/162202","targetHints":{"allow":["GET"]}}],"collection":[{"href":"https:\/\/gkbuyer.com\/fi\/wp-json\/wp\/v2\/product"}],"about":[{"href":"https:\/\/gkbuyer.com\/fi\/wp-json\/wp\/v2\/types\/product"}],"replies":[{"embeddable":true,"href":"https:\/\/gkbuyer.com\/fi\/wp-json\/wp\/v2\/comments?post=162202"}],"version-history":[{"count":0,"href":"https:\/\/gkbuyer.com\/fi\/wp-json\/wp\/v2\/product\/162202\/revisions"}],"wp:featuredmedia":[{"embeddable":true,"href":"https:\/\/gkbuyer.com\/fi\/wp-json\/wp\/v2\/media\/87098"}],"wp:attachment":[{"href":"https:\/\/gkbuyer.com\/fi\/wp-json\/wp\/v2\/media?parent=162202"}],"wp:term":[{"taxonomy":"product_brand","embeddable":true,"href":"https:\/\/gkbuyer.com\/fi\/wp-json\/wp\/v2\/product_brand?post=162202"},{"taxonomy":"product_cat","embeddable":true,"href":"https:\/\/gkbuyer.com\/fi\/wp-json\/wp\/v2\/product_cat?post=162202"},{"taxonomy":"product_tag","embeddable":true,"href":"https:\/\/gkbuyer.com\/fi\/wp-json\/wp\/v2\/product_tag?post=162202"}],"curies":[{"name":"wp","href":"https:\/\/api.w.org\/{rel}","templated":true}]}}