{"id":162223,"date":"2025-09-09T10:55:36","date_gmt":"2025-09-09T10:55:36","guid":{"rendered":"https:\/\/gkbuyer.com\/product\/jimei-palace-studio-one-piece-monkey-d-luffy-silvers-rayleigh-licensed\/"},"modified":"2025-09-09T10:55:54","modified_gmt":"2025-09-09T10:55:54","slug":"jimei-palace-studio-one-piece-monkey-d-luffy-silvers-rayleigh-licensed","status":"publish","type":"product","link":"https:\/\/gkbuyer.com\/fi\/product\/jimei-palace-studio-one-piece-monkey-d-luffy-silvers-rayleigh-licensed\/","title":{"rendered":"JIMEI PALACE Studio &#8211; One Piece Monkey D. Luffy &#038; Silvers Rayleigh (Licensed)"},"content":{"rendered":"<p>Studio: JIMEI PALACE Studio<br \/>\nProduct Name: Monkey.D.Luffy &#038; Silvers Rayleigh<br \/>\nArvioitu valmistuminen: 2024 Q3-Q4<br \/>\nEst. Size: (H) 34 cm x (D) 26 cm x (W) 24 cm<br \/>\nRajoitettu yksikk\u00f6m\u00e4\u00e4r\u00e4: \u2014<br \/>\nTuotteen IP-osoite: One Piece<br \/>\nProduct Role: Monkey\u00a0 D. Luffy &#038; Silvers Rayleigh<br \/>\nTuotteen ominaisuudet: Kuumaverinen anime<br \/>\nTuotteen mittakaava: Rajoittamaton<br \/>\nKorkeusalue: 26\u201335 cm<br \/>\nProduct Material: transparent resin, resin, PU, PVC<br \/>\nSpecial Description: JIMEI PALACE customized statue display box*1<\/p>","protected":false},"excerpt":{"rendered":"<p>Studio: JIMEI PALACE Studio Product Name: Monkey.D.Luffy &#038; Silvers Rayleigh Est. Completion: 2024 Q3-Q4 Est. Size: (H) 34 cm x<\/p>","protected":false},"featured_media":54106,"comment_status":"open","ping_status":"open","template":"","meta":{"_bbp_topic_count":0,"_bbp_reply_count":0,"_bbp_total_topic_count":0,"_bbp_total_reply_count":0,"_bbp_voice_count":0,"_bbp_anonymous_reply_count":0,"_bbp_topic_count_hidden":0,"_bbp_reply_count_hidden":0,"_bbp_forum_subforum_count":0},"product_brand":[],"product_cat":[6801,8276,6788,6789,6775,6778,6786,6782,6784,6772,6776,6780,9066,6913,7146,7147,6793,6787,6773,8179,6774],"product_tag":[],"class_list":{"0":"post-162223","1":"product","2":"type-product","3":"status-publish","4":"has-post-thumbnail","6":"product_cat-1-6","7":"product_cat-26-35cm","8":"product_cat-all-figures","9":"product_cat-anime-figure","10":"product_cat-contact-customer-service-for-spot-price","11":"product_cat-figure-character","12":"product_cat-figure-feature","13":"product_cat-figure-height","14":"product_cat-figure-scale","15":"product_cat-figure-status","16":"product_cat-figure-studio","17":"product_cat-figure-type","18":"product_cat-jimei-palace-studio","19":"product_cat-licensed-statue","20":"product_cat-monkey-d-luffy","21":"product_cat-monkey-d-luffy-one-piece","22":"product_cat-one-piece","23":"product_cat-other","24":"product_cat-released","25":"product_cat-silvers-rayleigh","26":"product_cat-stock-status","28":"first","29":"instock","30":"purchasable","31":"product-type-simple"},"_links":{"self":[{"href":"https:\/\/gkbuyer.com\/fi\/wp-json\/wp\/v2\/product\/162223","targetHints":{"allow":["GET"]}}],"collection":[{"href":"https:\/\/gkbuyer.com\/fi\/wp-json\/wp\/v2\/product"}],"about":[{"href":"https:\/\/gkbuyer.com\/fi\/wp-json\/wp\/v2\/types\/product"}],"replies":[{"embeddable":true,"href":"https:\/\/gkbuyer.com\/fi\/wp-json\/wp\/v2\/comments?post=162223"}],"version-history":[{"count":0,"href":"https:\/\/gkbuyer.com\/fi\/wp-json\/wp\/v2\/product\/162223\/revisions"}],"wp:featuredmedia":[{"embeddable":true,"href":"https:\/\/gkbuyer.com\/fi\/wp-json\/wp\/v2\/media\/54106"}],"wp:attachment":[{"href":"https:\/\/gkbuyer.com\/fi\/wp-json\/wp\/v2\/media?parent=162223"}],"wp:term":[{"taxonomy":"product_brand","embeddable":true,"href":"https:\/\/gkbuyer.com\/fi\/wp-json\/wp\/v2\/product_brand?post=162223"},{"taxonomy":"product_cat","embeddable":true,"href":"https:\/\/gkbuyer.com\/fi\/wp-json\/wp\/v2\/product_cat?post=162223"},{"taxonomy":"product_tag","embeddable":true,"href":"https:\/\/gkbuyer.com\/fi\/wp-json\/wp\/v2\/product_tag?post=162223"}],"curies":[{"name":"wp","href":"https:\/\/api.w.org\/{rel}","templated":true}]}}