{"id":164558,"date":"2025-09-09T17:36:11","date_gmt":"2025-09-09T17:36:11","guid":{"rendered":"https:\/\/gkbuyer.com\/product\/pure-arts-studio-original-to-star-nt-00001-4-licensed\/"},"modified":"2025-09-09T17:38:52","modified_gmt":"2025-09-09T17:38:52","slug":"pure-arts-studio-original-to-star-nt-00001-4-licensed","status":"publish","type":"product","link":"https:\/\/gkbuyer.com\/fi\/product\/pure-arts-studio-original-to-star-nt-00001-4-licensed\/","title":{"rendered":"Pure Arts Studio &#8211; Original TO STAR NT-00001-4 (Licensed)"},"content":{"rendered":"<p>Studio: Pure Arts Studio<\/p>\n<p>Product Name:TO STAR NT-00001-4<\/p>\n<p>Arvioitu valmistuminen:<\/p>\n<p>Koko:<\/p>\n<p>Rabbit Star TO STAR NT-00001<\/p>\n<p>Length 54MM*Width 45MM*Height 110MM<\/p>\n<p>Rabbit Star TO STAR NT-00002<\/p>\n<p>Length 54MM*Width 45MM*Height 110MM<\/p>\n<p>Free Star TO STAR NT-00003<\/p>\n<p>Length 52MM*Width 52MM*Height 96MM<\/p>\n<p>Free Star TO STAR NT-00004<\/p>\n<p>Length 52MM*Width 41MM*Height 85MM<\/p>\n<p>Rajoitettu yksikk\u00f6m\u00e4\u00e4r\u00e4:<\/p>\n<p>Tuotteen IP-osoite: Alkuper\u00e4inen<\/p>\n<p>Product Role:TO STAR<\/p>\n<p>Tuotteen ominaisuudet: Muu alkuper\u00e4inen<\/p>\n<p>Tuotteen mittakaava:<\/p>\n<p>Korkeusalue: 10\u201315 cm<\/p>\n<p>Product Material: PVC\/ABS<\/p>\n<p>Erikoiskuvaus:<\/p>","protected":false},"excerpt":{"rendered":"<p>Studio: Pure Arts Studio Product Name:TO STAR NT-00001-4 Est. Completion: Size: Rabbit Star TO STAR NT-00001 Length 54MM*Width 45MM*Height 110MM<\/p>","protected":false},"featured_media":76248,"comment_status":"open","ping_status":"open","template":"","meta":[],"product_brand":[],"product_cat":[6783,6788,6819,6775,6778,6786,6782,6784,6772,6776,6780,6838,6914,6787,6840,6785,6949,6773,6774],"product_tag":[],"class_list":{"0":"post-164558","1":"product","2":"type-product","3":"status-publish","4":"has-post-thumbnail","6":"product_cat-10-15cm","7":"product_cat-all-figures","8":"product_cat-artist-design","9":"product_cat-contact-customer-service-for-spot-price","10":"product_cat-figure-character","11":"product_cat-figure-feature","12":"product_cat-figure-height","13":"product_cat-figure-scale","14":"product_cat-figure-status","15":"product_cat-figure-studio","16":"product_cat-figure-type","17":"product_cat-licensed-figure","18":"product_cat-original","19":"product_cat-other","20":"product_cat-other-collectibles","21":"product_cat-other-scale","22":"product_cat-pure-arts-studio","23":"product_cat-released","24":"product_cat-stock-status","26":"first","27":"instock","28":"purchasable","29":"product-type-variable"},"_links":{"self":[{"href":"https:\/\/gkbuyer.com\/fi\/wp-json\/wp\/v2\/product\/164558","targetHints":{"allow":["GET"]}}],"collection":[{"href":"https:\/\/gkbuyer.com\/fi\/wp-json\/wp\/v2\/product"}],"about":[{"href":"https:\/\/gkbuyer.com\/fi\/wp-json\/wp\/v2\/types\/product"}],"replies":[{"embeddable":true,"href":"https:\/\/gkbuyer.com\/fi\/wp-json\/wp\/v2\/comments?post=164558"}],"version-history":[{"count":0,"href":"https:\/\/gkbuyer.com\/fi\/wp-json\/wp\/v2\/product\/164558\/revisions"}],"wp:featuredmedia":[{"embeddable":true,"href":"https:\/\/gkbuyer.com\/fi\/wp-json\/wp\/v2\/media\/76248"}],"wp:attachment":[{"href":"https:\/\/gkbuyer.com\/fi\/wp-json\/wp\/v2\/media?parent=164558"}],"wp:term":[{"taxonomy":"product_brand","embeddable":true,"href":"https:\/\/gkbuyer.com\/fi\/wp-json\/wp\/v2\/product_brand?post=164558"},{"taxonomy":"product_cat","embeddable":true,"href":"https:\/\/gkbuyer.com\/fi\/wp-json\/wp\/v2\/product_cat?post=164558"},{"taxonomy":"product_tag","embeddable":true,"href":"https:\/\/gkbuyer.com\/fi\/wp-json\/wp\/v2\/product_tag?post=164558"}],"curies":[{"name":"wp","href":"https:\/\/api.w.org\/{rel}","templated":true}]}}