{"id":165108,"date":"2025-09-09T18:58:34","date_gmt":"2025-09-09T18:58:34","guid":{"rendered":"https:\/\/gkbuyer.com\/product\/artisan-dragon-ball-the-hitman-mercenary-tao-2\/"},"modified":"2025-09-09T19:02:25","modified_gmt":"2025-09-09T19:02:25","slug":"artisan-dragon-ball-the-hitman-mercenary-tao-2","status":"publish","type":"product","link":"https:\/\/gkbuyer.com\/fi\/product\/artisan-dragon-ball-the-hitman-mercenary-tao-2\/","title":{"rendered":"ARTISAN &#8211; Dragon Ball The Hitman Mercenary Tao"},"content":{"rendered":"<p>Studio: ARTISAN<\/p>\n<p>Product Name:The Hitman Mercenary Tao<\/p>\n<p>Arvioitu valmistuminen:<\/p>\n<p>Koko:<\/p>\n<p>Rajoitettu yksikk\u00f6m\u00e4\u00e4r\u00e4:<\/p>\n<p>Tuotteen IP-osoite: Dragon Ball<\/p>\n<p>Product Role:Mercenary Tao<\/p>\n<p>Product Features: Hot-blooded Anime<\/p>\n<p>Tuotteen mittakaava: 1\/6<\/p>\n<p>Korkeusalue:<\/p>\n<p>Tuotteen materiaali:<\/p>\n<p>Erikoiskuvaus:<\/p>\n<p>1 Head Sculpture 1 (Evil Smile Head)<\/p>\n<p>2 Exclusive Body 1<\/p>\n<p>3. Cloth Shoes (Metal + Cloth)<\/p>\n<p>4 Half Arm Soft Rubber Hands 3 Pairs (No Mold Line)<\/p>\n<p>5 Kung Fu Set (Top, Pants, Vest, Skirt)<\/p>\n<p>6 Dodon Ray Special Effect Part 1<\/p>\n<p>7 Platform 1 (Ordinary)<\/p>\n<p>8 Soft Rubber Braid x1<\/p>","protected":false},"excerpt":{"rendered":"<p>Studio: ARTISAN Product Name:The Hitman Mercenary Tao Est. Completion: Size: Limited No Of Unit: Product IP: Dragon Ball Product Role:Mercenary<\/p>","protected":false},"featured_media":54605,"comment_status":"open","ping_status":"open","template":"","meta":[],"product_brand":[],"product_cat":[6801,8276,7188,6788,6789,10435,6775,6811,6778,6786,6782,6784,6772,6776,6780,6787,6773,6774,10438],"product_tag":[],"class_list":{"0":"post-165108","1":"product","2":"type-product","3":"status-publish","4":"has-post-thumbnail","6":"product_cat-1-6","7":"product_cat-26-35cm","8":"product_cat-action-figure-3rd-party","9":"product_cat-all-figures","10":"product_cat-anime-figure","11":"product_cat-artisan","12":"product_cat-contact-customer-service-for-spot-price","13":"product_cat-dragon-ball","14":"product_cat-figure-character","15":"product_cat-figure-feature","16":"product_cat-figure-height","17":"product_cat-figure-scale","18":"product_cat-figure-status","19":"product_cat-figure-studio","20":"product_cat-figure-type","21":"product_cat-other","22":"product_cat-released","23":"product_cat-stock-status","24":"product_cat-tao-pai-pai","26":"first","27":"instock","28":"purchasable","29":"product-type-variable"},"_links":{"self":[{"href":"https:\/\/gkbuyer.com\/fi\/wp-json\/wp\/v2\/product\/165108","targetHints":{"allow":["GET"]}}],"collection":[{"href":"https:\/\/gkbuyer.com\/fi\/wp-json\/wp\/v2\/product"}],"about":[{"href":"https:\/\/gkbuyer.com\/fi\/wp-json\/wp\/v2\/types\/product"}],"replies":[{"embeddable":true,"href":"https:\/\/gkbuyer.com\/fi\/wp-json\/wp\/v2\/comments?post=165108"}],"version-history":[{"count":0,"href":"https:\/\/gkbuyer.com\/fi\/wp-json\/wp\/v2\/product\/165108\/revisions"}],"wp:featuredmedia":[{"embeddable":true,"href":"https:\/\/gkbuyer.com\/fi\/wp-json\/wp\/v2\/media\/54605"}],"wp:attachment":[{"href":"https:\/\/gkbuyer.com\/fi\/wp-json\/wp\/v2\/media?parent=165108"}],"wp:term":[{"taxonomy":"product_brand","embeddable":true,"href":"https:\/\/gkbuyer.com\/fi\/wp-json\/wp\/v2\/product_brand?post=165108"},{"taxonomy":"product_cat","embeddable":true,"href":"https:\/\/gkbuyer.com\/fi\/wp-json\/wp\/v2\/product_cat?post=165108"},{"taxonomy":"product_tag","embeddable":true,"href":"https:\/\/gkbuyer.com\/fi\/wp-json\/wp\/v2\/product_tag?post=165108"}],"curies":[{"name":"wp","href":"https:\/\/api.w.org\/{rel}","templated":true}]}}