{"id":174713,"date":"2025-09-10T21:35:12","date_gmt":"2025-09-10T21:35:12","guid":{"rendered":"https:\/\/gkbuyer.com\/product\/bp-studio-slam-dunk-hanamichi-sakuragi-2\/"},"modified":"2025-09-10T21:37:43","modified_gmt":"2025-09-10T21:37:43","slug":"bp-studio-slam-dunk-hanamichi-sakuragi-2","status":"publish","type":"product","link":"https:\/\/gkbuyer.com\/fi\/product\/bp-studio-slam-dunk-hanamichi-sakuragi-2\/","title":{"rendered":"BP Studio &#8211; Slam Dunk Hanamichi Sakuragi"},"content":{"rendered":"<p>Studio: BP Studio<br \/>\nProduct Name: Hanamichi Sakuragi<br \/>\nArvioitu valmistuminen: 2023 Q3-Q4<br \/>\nArvioitu koko:<br \/>\n1\/6: (H) 38 cm x (D) 22 cm x (W) 18 cm<br \/>\n1\/3: (H) 72 cm x (D) 36 cm x (W) 32 cm<br \/>\nRajoitettu yksikk\u00f6m\u00e4\u00e4r\u00e4: 100<br \/>\nProduct IP: Slam Dunk<br \/>\nProduct Role: Hanamichi Sakuragi<br \/>\nTuotteen ominaisuudet: Kuumaverinen anime<br \/>\nProduct Scale: 1\/3 &#038; 1\/6<br \/>\nHeight Range: 71-90cm<br \/>\nTuotteen materiaali: \u2014<br \/>\nErikoiskuvaus:<br \/>\nThe normal version includes AJ1+ small size head + replacement hand with special code<br \/>\nKits<br \/>\nIncluding Bosozoku&#8217;s first appearance hair + AJ6 + replacement head bust<\/p>","protected":false},"excerpt":{"rendered":"<p>Studio: BP Studio Product Name: Hanamichi Sakuragi Est. Completion: 2023 Q3-Q4 Est. Size: 1\/6: (H) 38 cm x (D) 22<\/p>","protected":false},"featured_media":134679,"comment_status":"open","ping_status":"open","template":"","meta":[],"product_brand":[],"product_cat":[6944,6801,7982,9874,6788,6789,9720,6775,6778,6786,6782,6784,6772,6776,6780,6781,7708,7706,6787,6773,7707,6774],"product_tag":[],"class_list":{"0":"post-174713","1":"product","2":"type-product","3":"status-publish","4":"has-post-thumbnail","6":"product_cat-1-3","7":"product_cat-1-6","8":"product_cat-36-50cm","9":"product_cat-70-90cm","10":"product_cat-all-figures","11":"product_cat-anime-figure","12":"product_cat-bp-studio","13":"product_cat-contact-customer-service-for-spot-price","14":"product_cat-figure-character","15":"product_cat-figure-feature","16":"product_cat-figure-height","17":"product_cat-figure-scale","18":"product_cat-figure-status","19":"product_cat-figure-studio","20":"product_cat-figure-type","21":"product_cat-gk-statue","22":"product_cat-hanamichi-sakuragi-slam-dunk","23":"product_cat-hanamichi-sakuragi","24":"product_cat-other","25":"product_cat-released","26":"product_cat-slam-dunk","27":"product_cat-stock-status","29":"first","30":"instock","31":"purchasable","32":"product-type-variable"},"_links":{"self":[{"href":"https:\/\/gkbuyer.com\/fi\/wp-json\/wp\/v2\/product\/174713","targetHints":{"allow":["GET"]}}],"collection":[{"href":"https:\/\/gkbuyer.com\/fi\/wp-json\/wp\/v2\/product"}],"about":[{"href":"https:\/\/gkbuyer.com\/fi\/wp-json\/wp\/v2\/types\/product"}],"replies":[{"embeddable":true,"href":"https:\/\/gkbuyer.com\/fi\/wp-json\/wp\/v2\/comments?post=174713"}],"version-history":[{"count":0,"href":"https:\/\/gkbuyer.com\/fi\/wp-json\/wp\/v2\/product\/174713\/revisions"}],"wp:featuredmedia":[{"embeddable":true,"href":"https:\/\/gkbuyer.com\/fi\/wp-json\/wp\/v2\/media\/134679"}],"wp:attachment":[{"href":"https:\/\/gkbuyer.com\/fi\/wp-json\/wp\/v2\/media?parent=174713"}],"wp:term":[{"taxonomy":"product_brand","embeddable":true,"href":"https:\/\/gkbuyer.com\/fi\/wp-json\/wp\/v2\/product_brand?post=174713"},{"taxonomy":"product_cat","embeddable":true,"href":"https:\/\/gkbuyer.com\/fi\/wp-json\/wp\/v2\/product_cat?post=174713"},{"taxonomy":"product_tag","embeddable":true,"href":"https:\/\/gkbuyer.com\/fi\/wp-json\/wp\/v2\/product_tag?post=174713"}],"curies":[{"name":"wp","href":"https:\/\/api.w.org\/{rel}","templated":true}]}}