{"id":176539,"date":"2025-09-11T02:02:07","date_gmt":"2025-09-11T02:02:07","guid":{"rendered":"https:\/\/gkbuyer.com\/product\/model-palace-studio-one-piece-ace-execution-platform-set-3\/"},"modified":"2025-09-11T02:02:57","modified_gmt":"2025-09-11T02:02:57","slug":"model-palace-studio-one-piece-ace-execution-platform-set-3","status":"publish","type":"product","link":"https:\/\/gkbuyer.com\/fi\/product\/model-palace-studio-one-piece-ace-execution-platform-set-3\/","title":{"rendered":"Model palace Studio &#8211; One Piece Ace execution platform set"},"content":{"rendered":"<p>Studio: Model palace Studio<br \/>\nProduct Name: Ace execution platform set<br \/>\nwith:<br \/>\nGARP \/ Ace \/ Sengoku<br \/>\nKuzan \/ Borsalino \/ Sakazuki<br \/>\nArvioitu valmistumisaika: \u2014<br \/>\nEst. Size: &#8212;<br \/>\nRajoitettu yksikk\u00f6m\u00e4\u00e4r\u00e4: \u2014<br \/>\nTuotteen IP-osoite: One Piece<br \/>\nProduct Role: Ace &#038; Monkey D. Garp<br \/>\nTuotteen ominaisuudet: Kuumaverinen anime<br \/>\nTuotteen mittakaava: \u2014<br \/>\nHeight Range: &#8212;<br \/>\nTuotteen materiaali: \u2014<br \/>\nErikoiskuvaus: \u2014<\/p>","protected":false},"excerpt":{"rendered":"<p>Studio: Model palace Studio Product Name: Ace execution platform set with: GARP \/ Ace \/ Sengoku Kuzan \/ Borsalino \/<\/p>","protected":false},"featured_media":101166,"comment_status":"open","ping_status":"open","template":"","meta":[],"product_brand":[],"product_cat":[6890,6798,8276,7982,8440,6788,8388,6775,8486,6778,6786,6782,6784,6772,6776,6780,8389,8487,8309,6787,6840,7090,6773,8237,9281,6774],"product_tag":[],"class_list":{"0":"post-176539","1":"product","2":"type-product","3":"status-publish","4":"has-post-thumbnail","6":"product_cat-1-7-1-9pop-like","7":"product_cat-16-25cm","8":"product_cat-26-35cm","9":"product_cat-36-50cm","10":"product_cat-accessories","11":"product_cat-all-figures","12":"product_cat-borsalino","13":"product_cat-contact-customer-service-for-spot-price","14":"product_cat-dj-studio","15":"product_cat-figure-character","16":"product_cat-figure-feature","17":"product_cat-figure-height","18":"product_cat-figure-scale","19":"product_cat-figure-status","20":"product_cat-figure-studio","21":"product_cat-figure-type","22":"product_cat-kuzan","23":"product_cat-model-palace-studio","24":"product_cat-monkey-d-garp","25":"product_cat-other","26":"product_cat-other-collectibles","27":"product_cat-portgas-d-ace","28":"product_cat-released","29":"product_cat-sakazuki","30":"product_cat-sengoku","31":"product_cat-stock-status","33":"first","34":"instock","35":"purchasable","36":"product-type-variable"},"_links":{"self":[{"href":"https:\/\/gkbuyer.com\/fi\/wp-json\/wp\/v2\/product\/176539","targetHints":{"allow":["GET"]}}],"collection":[{"href":"https:\/\/gkbuyer.com\/fi\/wp-json\/wp\/v2\/product"}],"about":[{"href":"https:\/\/gkbuyer.com\/fi\/wp-json\/wp\/v2\/types\/product"}],"replies":[{"embeddable":true,"href":"https:\/\/gkbuyer.com\/fi\/wp-json\/wp\/v2\/comments?post=176539"}],"version-history":[{"count":0,"href":"https:\/\/gkbuyer.com\/fi\/wp-json\/wp\/v2\/product\/176539\/revisions"}],"wp:featuredmedia":[{"embeddable":true,"href":"https:\/\/gkbuyer.com\/fi\/wp-json\/wp\/v2\/media\/101166"}],"wp:attachment":[{"href":"https:\/\/gkbuyer.com\/fi\/wp-json\/wp\/v2\/media?parent=176539"}],"wp:term":[{"taxonomy":"product_brand","embeddable":true,"href":"https:\/\/gkbuyer.com\/fi\/wp-json\/wp\/v2\/product_brand?post=176539"},{"taxonomy":"product_cat","embeddable":true,"href":"https:\/\/gkbuyer.com\/fi\/wp-json\/wp\/v2\/product_cat?post=176539"},{"taxonomy":"product_tag","embeddable":true,"href":"https:\/\/gkbuyer.com\/fi\/wp-json\/wp\/v2\/product_tag?post=176539"}],"curies":[{"name":"wp","href":"https:\/\/api.w.org\/{rel}","templated":true}]}}