{"id":240248,"date":"2025-10-09T14:52:56","date_gmt":"2025-10-09T14:52:56","guid":{"rendered":"https:\/\/gkbuyer.com\/product\/mihoyo-genshin-impact-adventure-party-series-scented-plush-pendant-licensed\/"},"modified":"2025-10-09T14:53:41","modified_gmt":"2025-10-09T14:53:41","slug":"mihoyo-genshin-impact-adventure-party-series-scented-plush-pendant-licensed","status":"publish","type":"product","link":"https:\/\/gkbuyer.com\/fi\/product\/mihoyo-genshin-impact-adventure-party-series-scented-plush-pendant-licensed\/","title":{"rendered":"miHoyo &#8211; Genshin Impact Adventure Party Series Scented Plush Pendant (Licensed)"},"content":{"rendered":"<p>Studio:miHoyo<br \/>\nProduct Name: Genshin Impact Adventure Party Series Scented Plush Pendant<br \/>\nArvioitu valmistumisaika: \u2014<br \/>\nSize: &#8212;<br \/>\nRajoitettu yksikk\u00f6m\u00e4\u00e4r\u00e4: \u2014<br \/>\nTuotteen IP-osoite: Genshin Impact<br \/>\nProduct Role: Furina &#038; \u00a0Zhongli &#038; Venti &#038; Mavuika &#038; Nahida &#038; Raiden Shogun<br \/>\nProduct Features: Game<br \/>\nTuotteen mittakaava: \u2014<br \/>\nKorkeusalue: 10\u201315 cm<br \/>\nTuotteen materiaali:\u2013<br \/>\nErikoiskuvaus: \u2014<\/p>","protected":false},"excerpt":{"rendered":"<p>Studio:miHoyo Product Name: Genshin Impact Adventure Party Series Scented Plush Pendant Est. Completion: &#8212; Size: &#8212; Limited No Of Unit:<\/p>","protected":false},"featured_media":237338,"comment_status":"open","ping_status":"open","template":"","meta":{"_bbp_topic_count":0,"_bbp_reply_count":0,"_bbp_total_topic_count":0,"_bbp_total_reply_count":0,"_bbp_voice_count":0,"_bbp_anonymous_reply_count":0,"_bbp_topic_count_hidden":0,"_bbp_reply_count_hidden":0,"_bbp_forum_subforum_count":0},"product_brand":[],"product_cat":[6788,7717,6778,6786,6782,6784,6772,6776,6780,6859,6861,12965,6858,6802,7487,7410,6787,6785,6860,12341,7716,7715,6774,6815,11089,7740],"product_tag":[],"class_list":{"0":"post-240248","1":"product","2":"type-product","3":"status-publish","4":"has-post-thumbnail","6":"product_cat-all-figures","7":"product_cat-beelzebul","8":"product_cat-figure-character","9":"product_cat-figure-feature","10":"product_cat-figure-height","11":"product_cat-figure-scale","12":"product_cat-figure-status","13":"product_cat-figure-studio","14":"product_cat-figure-type","15":"product_cat-furina","16":"product_cat-genshin-impact","17":"product_cat-mavuika","18":"product_cat-mihoyo","19":"product_cat-mobile-game-figure","20":"product_cat-nahida","21":"product_cat-orderable","22":"product_cat-other","23":"product_cat-other-scale","24":"product_cat-peripheral","25":"product_cat-pre-order","26":"product_cat-raiden-shogun","27":"product_cat-raiden-shogun-beelzebul","28":"product_cat-stock-status","29":"product_cat-unknown","30":"product_cat-venti-barbatos","31":"product_cat-zhongli","33":"first","34":"instock","35":"purchasable","36":"product-type-variable"},"_links":{"self":[{"href":"https:\/\/gkbuyer.com\/fi\/wp-json\/wp\/v2\/product\/240248","targetHints":{"allow":["GET"]}}],"collection":[{"href":"https:\/\/gkbuyer.com\/fi\/wp-json\/wp\/v2\/product"}],"about":[{"href":"https:\/\/gkbuyer.com\/fi\/wp-json\/wp\/v2\/types\/product"}],"replies":[{"embeddable":true,"href":"https:\/\/gkbuyer.com\/fi\/wp-json\/wp\/v2\/comments?post=240248"}],"version-history":[{"count":0,"href":"https:\/\/gkbuyer.com\/fi\/wp-json\/wp\/v2\/product\/240248\/revisions"}],"wp:featuredmedia":[{"embeddable":true,"href":"https:\/\/gkbuyer.com\/fi\/wp-json\/wp\/v2\/media\/237338"}],"wp:attachment":[{"href":"https:\/\/gkbuyer.com\/fi\/wp-json\/wp\/v2\/media?parent=240248"}],"wp:term":[{"taxonomy":"product_brand","embeddable":true,"href":"https:\/\/gkbuyer.com\/fi\/wp-json\/wp\/v2\/product_brand?post=240248"},{"taxonomy":"product_cat","embeddable":true,"href":"https:\/\/gkbuyer.com\/fi\/wp-json\/wp\/v2\/product_cat?post=240248"},{"taxonomy":"product_tag","embeddable":true,"href":"https:\/\/gkbuyer.com\/fi\/wp-json\/wp\/v2\/product_tag?post=240248"}],"curies":[{"name":"wp","href":"https:\/\/api.w.org\/{rel}","templated":true}]}}