{"id":240321,"date":"2025-10-09T15:05:20","date_gmt":"2025-10-09T15:05:20","guid":{"rendered":"https:\/\/gkbuyer.com\/product\/myethos-a-zd-full-dress-1-7-figure-licensed\/"},"modified":"2025-10-09T15:05:38","modified_gmt":"2025-10-09T15:05:38","slug":"myethos-a-zd-full-dress-1-7-figure-licensed","status":"publish","type":"product","link":"https:\/\/gkbuyer.com\/fi\/product\/myethos-a-zd-full-dress-1-7-figure-licensed\/","title":{"rendered":"Myethos &#8211; A-Z:[D]-full dress- 1\/7 Figure (Licensed)"},"content":{"rendered":"<p>Studio: Myethos<br \/>\nProduct Name: A-Z:[D]-full dress- 1\/7 Figure<br \/>\nEst. Completion:2026 Q2<br \/>\nSize: (H) 25.2 cm<br \/>\nRajoitettu yksikk\u00f6m\u00e4\u00e4r\u00e4:<br \/>\nTuotteen IP-osoite: Alkuper\u00e4inen<br \/>\nProduct Role:[D]<br \/>\nTuotteen ominaisuudet: Muu alkuper\u00e4inen<br \/>\nTuotteen mittakaava: 1\/7<br \/>\nKorkeusalue: 16\u201325 cm<br \/>\nProduct Material: PVC &#038; ABS &#038; Metal<br \/>\nErikoiskuvaus:<\/p>","protected":false},"excerpt":{"rendered":"<p>Studio: Myethos Product Name: A-Z:[D]-full dress- 1\/7 Figure Est. Completion:2026 Q2 Size: (H) 25.2 cm Limited No Of Unit: Product<\/p>","protected":false},"featured_media":237269,"comment_status":"open","ping_status":"open","template":"","meta":[],"product_brand":[],"product_cat":[6890,6798,6788,7650,6819,6778,6786,6782,6784,6772,6776,6780,6838,7184,7410,6914,6787,6840,12341,6774],"product_tag":[],"class_list":{"0":"post-240321","1":"product","2":"type-product","3":"status-publish","4":"has-post-thumbnail","6":"product_cat-1-7-1-9pop-like","7":"product_cat-16-25cm","8":"product_cat-all-figures","9":"product_cat-artist-design-original","10":"product_cat-artist-design","11":"product_cat-figure-character","12":"product_cat-figure-feature","13":"product_cat-figure-height","14":"product_cat-figure-scale","15":"product_cat-figure-status","16":"product_cat-figure-studio","17":"product_cat-figure-type","18":"product_cat-licensed-figure","19":"product_cat-myethos","20":"product_cat-orderable","21":"product_cat-original","22":"product_cat-other","23":"product_cat-other-collectibles","24":"product_cat-pre-order","25":"product_cat-stock-status","27":"first","28":"instock","29":"purchasable","30":"product-type-simple"},"_links":{"self":[{"href":"https:\/\/gkbuyer.com\/fi\/wp-json\/wp\/v2\/product\/240321","targetHints":{"allow":["GET"]}}],"collection":[{"href":"https:\/\/gkbuyer.com\/fi\/wp-json\/wp\/v2\/product"}],"about":[{"href":"https:\/\/gkbuyer.com\/fi\/wp-json\/wp\/v2\/types\/product"}],"replies":[{"embeddable":true,"href":"https:\/\/gkbuyer.com\/fi\/wp-json\/wp\/v2\/comments?post=240321"}],"version-history":[{"count":0,"href":"https:\/\/gkbuyer.com\/fi\/wp-json\/wp\/v2\/product\/240321\/revisions"}],"wp:featuredmedia":[{"embeddable":true,"href":"https:\/\/gkbuyer.com\/fi\/wp-json\/wp\/v2\/media\/237269"}],"wp:attachment":[{"href":"https:\/\/gkbuyer.com\/fi\/wp-json\/wp\/v2\/media?parent=240321"}],"wp:term":[{"taxonomy":"product_brand","embeddable":true,"href":"https:\/\/gkbuyer.com\/fi\/wp-json\/wp\/v2\/product_brand?post=240321"},{"taxonomy":"product_cat","embeddable":true,"href":"https:\/\/gkbuyer.com\/fi\/wp-json\/wp\/v2\/product_cat?post=240321"},{"taxonomy":"product_tag","embeddable":true,"href":"https:\/\/gkbuyer.com\/fi\/wp-json\/wp\/v2\/product_tag?post=240321"}],"curies":[{"name":"wp","href":"https:\/\/api.w.org\/{rel}","templated":true}]}}