{"id":291725,"date":"2025-09-09T00:00:00","date_gmt":"2025-09-09T00:00:00","guid":{"rendered":"https:\/\/gkbuyer.com\/product\/sparks-godzilla-2016-tape-dispenser-licensed\/"},"modified":"2025-11-05T01:49:02","modified_gmt":"2025-11-05T01:49:02","slug":"sparks-godzilla-2016-tape-dispenser-licensed","status":"publish","type":"product","link":"https:\/\/gkbuyer.com\/fi\/product\/sparks-godzilla-2016-tape-dispenser-licensed\/","title":{"rendered":"SPARKS &#8211; Godzilla 2016 Tape Dispenser (Licensed)"},"content":{"rendered":"<p>Studio: SPARKS<br \/>\nProduct Name: Godzilla 2016 Tape Dispenser<br \/>\nEst. Completion: 2025 Q4<br \/>\nSize: &#8212;<br \/>\nRajoitettu yksikk\u00f6m\u00e4\u00e4r\u00e4: \u2014<br \/>\nProduct IP: Godzilla<br \/>\nProduct Role: Godzilla<br \/>\nProduct Features: &#8212;<br \/>\nTuotteen mittakaava: \u2014<br \/>\nHeight Range: &#8212;<br \/>\nTuotteen materiaali: \u2014<br \/>\nErikoiskuvaus: \u2014<\/p>","protected":false},"excerpt":{"rendered":"<p>Studio: SPARKS Product Name: Godzilla 2016 Tape Dispenser Est. Completion: 2025 Q4 Size: &#8212; Limited No Of Unit: &#8212; Product<\/p>","protected":false},"featured_media":267574,"comment_status":"open","ping_status":"open","template":"","meta":[],"product_brand":[],"product_cat":[6788,6775,6786,6782,6784,6772,6776,6780,7031,6787,6785,6860,12420,16198,6774,7032,6815],"product_tag":[],"class_list":{"0":"post-291725","1":"product","2":"type-product","3":"status-publish","4":"has-post-thumbnail","6":"product_cat-all-figures","7":"product_cat-contact-customer-service-for-spot-price","8":"product_cat-figure-feature","9":"product_cat-figure-height","10":"product_cat-figure-scale","11":"product_cat-figure-status","12":"product_cat-figure-studio","13":"product_cat-figure-type","14":"product_cat-movie","15":"product_cat-other","16":"product_cat-other-scale","17":"product_cat-peripheral","18":"product_cat-pre-order-close","19":"product_cat-sparks","20":"product_cat-stock-status","21":"product_cat-tv-show-figure","22":"product_cat-unknown","24":"first","25":"instock","26":"purchasable","27":"product-type-simple"},"_links":{"self":[{"href":"https:\/\/gkbuyer.com\/fi\/wp-json\/wp\/v2\/product\/291725","targetHints":{"allow":["GET"]}}],"collection":[{"href":"https:\/\/gkbuyer.com\/fi\/wp-json\/wp\/v2\/product"}],"about":[{"href":"https:\/\/gkbuyer.com\/fi\/wp-json\/wp\/v2\/types\/product"}],"replies":[{"embeddable":true,"href":"https:\/\/gkbuyer.com\/fi\/wp-json\/wp\/v2\/comments?post=291725"}],"version-history":[{"count":1,"href":"https:\/\/gkbuyer.com\/fi\/wp-json\/wp\/v2\/product\/291725\/revisions"}],"predecessor-version":[{"id":339710,"href":"https:\/\/gkbuyer.com\/fi\/wp-json\/wp\/v2\/product\/291725\/revisions\/339710"}],"wp:featuredmedia":[{"embeddable":true,"href":"https:\/\/gkbuyer.com\/fi\/wp-json\/wp\/v2\/media\/267574"}],"wp:attachment":[{"href":"https:\/\/gkbuyer.com\/fi\/wp-json\/wp\/v2\/media?parent=291725"}],"wp:term":[{"taxonomy":"product_brand","embeddable":true,"href":"https:\/\/gkbuyer.com\/fi\/wp-json\/wp\/v2\/product_brand?post=291725"},{"taxonomy":"product_cat","embeddable":true,"href":"https:\/\/gkbuyer.com\/fi\/wp-json\/wp\/v2\/product_cat?post=291725"},{"taxonomy":"product_tag","embeddable":true,"href":"https:\/\/gkbuyer.com\/fi\/wp-json\/wp\/v2\/product_tag?post=291725"}],"curies":[{"name":"wp","href":"https:\/\/api.w.org\/{rel}","templated":true}]}}