{"id":350718,"date":"2025-11-08T11:00:47","date_gmt":"2025-11-08T11:00:47","guid":{"rendered":"https:\/\/gkbuyer.com\/product\/bluepoch-reverse-1999-as-truth-abides-37-3d-photo-frame-figure-licensed\/"},"modified":"2025-11-08T11:01:18","modified_gmt":"2025-11-08T11:01:18","slug":"bluepoch-reverse-1999-as-truth-abides-37-3d-photo-frame-figure-licensed","status":"publish","type":"product","link":"https:\/\/gkbuyer.com\/fi\/product\/bluepoch-reverse-1999-as-truth-abides-37-3d-photo-frame-figure-licensed\/","title":{"rendered":"BLUEPOCH &#8211; Reverse: 1999 &#8220;As Truth Abides&#8221; 37 3D Photo Frame Figure (Licensed)"},"content":{"rendered":"<p>Studio: BLUEPOCH<br \/>\nProduct Name: Reverse: 1999 &#8220;As Truth Abides&#8221; 37 3D Photo Frame Figure<br \/>\nEst. Completion: 2026 Q3<br \/>\nSize: Approximately 180*140mm<br \/>\nRajoitettu yksikk\u00f6m\u00e4\u00e4r\u00e4: \u2014<br \/>\nProduct IP: Reverse: 1999<br \/>\nProduct Role: Thirty-Seven<br \/>\nProduct Features: &#8212;<br \/>\nTuotteen mittakaava: \u2014<br \/>\nKorkeusalue: 16\u201325 cm<br \/>\nProduct Material: PVC\u3001ABS<br \/>\nErikoiskuvaus: \u2014<br \/>\nBonus: Purchase the figure and receive a free *As Truth Abides* photo frame.<\/p>\n<p>Material: PS, Canvas<\/p>\n<p>Process: Micro-spraying<\/p>\n<p>Size: Approx. 15.5*19cm<\/p>","protected":false},"excerpt":{"rendered":"<p>Studio: BLUEPOCH Product Name: Reverse: 1999 &#8220;As Truth Abides&#8221; 37 3D Photo Frame Figure Est. Completion: 2026 Q3 Size: Approximately<\/p>","protected":false},"featured_media":346882,"comment_status":"open","ping_status":"open","template":"","meta":[],"product_brand":[],"product_cat":[6798,6788,18478,6778,6786,6782,6784,6772,6776,6780,6838,6802,7410,6787,6785,12341,16225,6774,18479,18480],"product_tag":[],"class_list":{"0":"post-350718","1":"product","2":"type-product","3":"status-publish","4":"has-post-thumbnail","6":"product_cat-16-25cm","7":"product_cat-all-figures","8":"product_cat-bluepoch","9":"product_cat-figure-character","10":"product_cat-figure-feature","11":"product_cat-figure-height","12":"product_cat-figure-scale","13":"product_cat-figure-status","14":"product_cat-figure-studio","15":"product_cat-figure-type","16":"product_cat-licensed-figure","17":"product_cat-mobile-game-figure","18":"product_cat-orderable","19":"product_cat-other","20":"product_cat-other-scale","21":"product_cat-pre-order","22":"product_cat-reverse-1999","23":"product_cat-stock-status","24":"product_cat-thirty-seven","25":"product_cat-thirty-seven-reverse-1999","27":"first","28":"instock","29":"purchasable","30":"product-type-simple"},"_links":{"self":[{"href":"https:\/\/gkbuyer.com\/fi\/wp-json\/wp\/v2\/product\/350718","targetHints":{"allow":["GET"]}}],"collection":[{"href":"https:\/\/gkbuyer.com\/fi\/wp-json\/wp\/v2\/product"}],"about":[{"href":"https:\/\/gkbuyer.com\/fi\/wp-json\/wp\/v2\/types\/product"}],"replies":[{"embeddable":true,"href":"https:\/\/gkbuyer.com\/fi\/wp-json\/wp\/v2\/comments?post=350718"}],"version-history":[{"count":0,"href":"https:\/\/gkbuyer.com\/fi\/wp-json\/wp\/v2\/product\/350718\/revisions"}],"wp:featuredmedia":[{"embeddable":true,"href":"https:\/\/gkbuyer.com\/fi\/wp-json\/wp\/v2\/media\/346882"}],"wp:attachment":[{"href":"https:\/\/gkbuyer.com\/fi\/wp-json\/wp\/v2\/media?parent=350718"}],"wp:term":[{"taxonomy":"product_brand","embeddable":true,"href":"https:\/\/gkbuyer.com\/fi\/wp-json\/wp\/v2\/product_brand?post=350718"},{"taxonomy":"product_cat","embeddable":true,"href":"https:\/\/gkbuyer.com\/fi\/wp-json\/wp\/v2\/product_cat?post=350718"},{"taxonomy":"product_tag","embeddable":true,"href":"https:\/\/gkbuyer.com\/fi\/wp-json\/wp\/v2\/product_tag?post=350718"}],"curies":[{"name":"wp","href":"https:\/\/api.w.org\/{rel}","templated":true}]}}