{"id":367477,"date":"2025-11-24T05:57:50","date_gmt":"2025-11-24T05:57:50","guid":{"rendered":"https:\/\/snow-vulture-127229.hostingersite.com\/product\/power-studio-syn-shenron-dragon-ball-2\/"},"modified":"2025-11-24T05:58:06","modified_gmt":"2025-11-24T05:58:06","slug":"power-studio-syn-shenron-dragon-ball-2","status":"publish","type":"product","link":"https:\/\/gkbuyer.com\/fi\/product\/power-studio-syn-shenron-dragon-ball-2\/","title":{"rendered":"Power Studio &#8211; Syn Shenron Dragon Ball"},"content":{"rendered":"<p>Studio: Power Studio<br \/>\nProduct Name:Syn Shenron<br \/>\nArvioitu valmistuminen: 2026 Q1-Q2<br \/>\nSize: (H)9.8 cm<br \/>\nRajoitettu yksikk\u00f6m\u00e4\u00e4r\u00e4: \u2014<br \/>\nTuotteen IP-osoite: Dragon Ball<br \/>\nProduct Role: Syn Shenron<br \/>\nTuotteen ominaisuudet: Kuumaverinen animaatio<br \/>\nTuotteen mittakaava: \u2014<br \/>\nKorkeusalue: <10cm\nProduct Material: full pu\nSpecial Description: --\n<\/p>","protected":false},"excerpt":{"rendered":"<p>Studio: Power Studio Product Name:Syn Shenron Est. Completion: 2026 Q1-Q2 Size: (H)9.8 cm Limited No Of Unit: &#8212; Product IP:<\/p>","protected":false},"featured_media":354049,"comment_status":"open","ping_status":"open","template":"","meta":[],"product_brand":[],"product_cat":[6788,6789,6811,6778,6786,6782,6784,6772,6776,6780,6781,18070,7410,6787,6785,7209,12341,6774,7923],"product_tag":[],"class_list":{"0":"post-367477","1":"product","2":"type-product","3":"status-publish","4":"has-post-thumbnail","6":"product_cat-all-figures","7":"product_cat-anime-figure","8":"product_cat-dragon-ball","9":"product_cat-figure-character","10":"product_cat-figure-feature","11":"product_cat-figure-height","12":"product_cat-figure-scale","13":"product_cat-figure-status","14":"product_cat-figure-studio","15":"product_cat-figure-type","16":"product_cat-gk-statue","17":"product_cat-one-star-dragon-syn-shenron","18":"product_cat-orderable","19":"product_cat-other","20":"product_cat-other-scale","21":"product_cat-power-studio","22":"product_cat-pre-order","23":"product_cat-stock-status","24":"product_cat-under-10cm","25":"pa_feature-other","26":"pa_height-under-10cm","27":"pa_production-status-pre-order","28":"pa_release-time-status-2026-06","29":"pa_scale-other-scale","30":"pa_stock-released-status-orderable","31":"pa_studio-power-studio","32":"pa_type-2-gk-statue","34":"first","35":"instock","36":"purchasable","37":"product-type-simple"},"_links":{"self":[{"href":"https:\/\/gkbuyer.com\/fi\/wp-json\/wp\/v2\/product\/367477","targetHints":{"allow":["GET"]}}],"collection":[{"href":"https:\/\/gkbuyer.com\/fi\/wp-json\/wp\/v2\/product"}],"about":[{"href":"https:\/\/gkbuyer.com\/fi\/wp-json\/wp\/v2\/types\/product"}],"replies":[{"embeddable":true,"href":"https:\/\/gkbuyer.com\/fi\/wp-json\/wp\/v2\/comments?post=367477"}],"version-history":[{"count":0,"href":"https:\/\/gkbuyer.com\/fi\/wp-json\/wp\/v2\/product\/367477\/revisions"}],"wp:featuredmedia":[{"embeddable":true,"href":"https:\/\/gkbuyer.com\/fi\/wp-json\/wp\/v2\/media\/354049"}],"wp:attachment":[{"href":"https:\/\/gkbuyer.com\/fi\/wp-json\/wp\/v2\/media?parent=367477"}],"wp:term":[{"taxonomy":"product_brand","embeddable":true,"href":"https:\/\/gkbuyer.com\/fi\/wp-json\/wp\/v2\/product_brand?post=367477"},{"taxonomy":"product_cat","embeddable":true,"href":"https:\/\/gkbuyer.com\/fi\/wp-json\/wp\/v2\/product_cat?post=367477"},{"taxonomy":"product_tag","embeddable":true,"href":"https:\/\/gkbuyer.com\/fi\/wp-json\/wp\/v2\/product_tag?post=367477"}],"curies":[{"name":"wp","href":"https:\/\/api.w.org\/{rel}","templated":true}]}}