{"id":367690,"date":"2025-11-24T07:05:11","date_gmt":"2025-11-24T07:05:11","guid":{"rendered":"https:\/\/snow-vulture-127229.hostingersite.com\/product\/boundless-blank-studio-son-goku-anime-version-dragon-ball-2\/"},"modified":"2025-11-24T07:05:59","modified_gmt":"2025-11-24T07:05:59","slug":"boundless-blank-studio-son-goku-anime-version-dragon-ball-2","status":"publish","type":"product","link":"https:\/\/gkbuyer.com\/fi\/product\/boundless-blank-studio-son-goku-anime-version-dragon-ball-2\/","title":{"rendered":"Boundless Blank Studio &#8211; Son Goku Anime Version Dragon Ball"},"content":{"rendered":"<p>Studio: Boundless Blank Studio<br \/>\nProduct Name: Son Goku Anime Version<br \/>\nEst. Completion: 2025 Q4<br \/>\nSize: (H) 29.8 cm x (W) 12.9 cm x (D) 9.5 cm<br \/>\nRajoitettu m\u00e4\u00e4r\u00e4 yksik\u00f6it\u00e4: \u2014<br \/>\nTuotteen IP-osoite: Dragon Ball<br \/>\nProduct Role: Son Goku<br \/>\nTuotteen ominaisuudet: Kuumaverinen anime<br \/>\nTuotteen mittakaava: 1\/6<br \/>\nKorkeusalue: 26\u201335 cm<br \/>\nProduct Material: Imported Polystone Resin + Imported PU<br \/>\nErikoiskuvaus: \u2014<\/p>","protected":false},"excerpt":{"rendered":"<p>Studio: Boundless Blank Studio Product Name: Son Goku Anime Version Est. Completion: 2025 Q4 Size: (H) 29.8 cm x (W)<\/p>","protected":false},"featured_media":354929,"comment_status":"open","ping_status":"open","template":"","meta":[],"product_brand":[],"product_cat":[6801,8276,6788,6789,18157,6811,6778,6786,6782,6784,6772,6776,6780,6781,6832,7410,6787,12341,6831,6830,6774],"product_tag":[],"class_list":{"0":"post-367690","1":"product","2":"type-product","3":"status-publish","4":"has-post-thumbnail","6":"product_cat-1-6","7":"product_cat-26-35cm","8":"product_cat-all-figures","9":"product_cat-anime-figure","10":"product_cat-boundless-blank-studio","11":"product_cat-dragon-ball","12":"product_cat-figure-character","13":"product_cat-figure-feature","14":"product_cat-figure-height","15":"product_cat-figure-scale","16":"product_cat-figure-status","17":"product_cat-figure-studio","18":"product_cat-figure-type","19":"product_cat-gk-statue","20":"product_cat-kakarotto","21":"product_cat-orderable","22":"product_cat-other","23":"product_cat-pre-order","24":"product_cat-son-goku","25":"product_cat-son-goku-kakarotto","26":"product_cat-stock-status","27":"pa_feature-other","28":"pa_height-26-35cm","29":"pa_production-status-pre-order","30":"pa_release-time-status-2025-12","31":"pa_scale-1-6","32":"pa_stock-released-status-orderable","33":"pa_studio-boundless-blank-studio","34":"pa_type-2-gk-statue","36":"first","37":"instock","38":"purchasable","39":"product-type-variable"},"_links":{"self":[{"href":"https:\/\/gkbuyer.com\/fi\/wp-json\/wp\/v2\/product\/367690","targetHints":{"allow":["GET"]}}],"collection":[{"href":"https:\/\/gkbuyer.com\/fi\/wp-json\/wp\/v2\/product"}],"about":[{"href":"https:\/\/gkbuyer.com\/fi\/wp-json\/wp\/v2\/types\/product"}],"replies":[{"embeddable":true,"href":"https:\/\/gkbuyer.com\/fi\/wp-json\/wp\/v2\/comments?post=367690"}],"version-history":[{"count":0,"href":"https:\/\/gkbuyer.com\/fi\/wp-json\/wp\/v2\/product\/367690\/revisions"}],"wp:featuredmedia":[{"embeddable":true,"href":"https:\/\/gkbuyer.com\/fi\/wp-json\/wp\/v2\/media\/354929"}],"wp:attachment":[{"href":"https:\/\/gkbuyer.com\/fi\/wp-json\/wp\/v2\/media?parent=367690"}],"wp:term":[{"taxonomy":"product_brand","embeddable":true,"href":"https:\/\/gkbuyer.com\/fi\/wp-json\/wp\/v2\/product_brand?post=367690"},{"taxonomy":"product_cat","embeddable":true,"href":"https:\/\/gkbuyer.com\/fi\/wp-json\/wp\/v2\/product_cat?post=367690"},{"taxonomy":"product_tag","embeddable":true,"href":"https:\/\/gkbuyer.com\/fi\/wp-json\/wp\/v2\/product_tag?post=367690"}],"curies":[{"name":"wp","href":"https:\/\/api.w.org\/{rel}","templated":true}]}}