{"id":367720,"date":"2025-11-24T07:13:06","date_gmt":"2025-11-24T07:13:06","guid":{"rendered":"https:\/\/snow-vulture-127229.hostingersite.com\/product\/fondjoy-battle-damaged-new-superman-1-9-articulated-figure-licensed-2\/"},"modified":"2025-11-24T07:14:12","modified_gmt":"2025-11-24T07:14:12","slug":"fondjoy-battle-damaged-new-superman-1-9-articulated-figure-licensed-2","status":"publish","type":"product","link":"https:\/\/gkbuyer.com\/fi\/product\/fondjoy-battle-damaged-new-superman-1-9-articulated-figure-licensed-2\/","title":{"rendered":"Fondjoy &#8211; Battle-Damaged New Superman 1\/9 Articulated Figure (Licensed)"},"content":{"rendered":"<p>Studio: Fondjoy<br \/>\nProduct Name: Battle-Damaged New Superman 1\/9 Articulated Figure<br \/>\nArvioitu valmistuminen: 2026 Q1-Q2<br \/>\nSize: (H) 19cm<br \/>\nRajoitettu yksikk\u00f6m\u00e4\u00e4r\u00e4: \u2014<br \/>\nProduct IP: DC<br \/>\nProduct Role: Superman<br \/>\nProduct Features: Other originals<br \/>\nProduct Scale: 1\/9<br \/>\nKorkeusalue: 16\u201325 cm<br \/>\nTuotteen materiaali: \u2014<br \/>\nErikoiskuvaus:\u2013<\/p>","protected":false},"excerpt":{"rendered":"<p>Studio: Fondjoy Product Name: Battle-Damaged New Superman 1\/9 Articulated Figure Est. Completion: 2026 Q1-Q2 Size: (H) 19cm Limited No Of<\/p>","protected":false},"featured_media":357057,"comment_status":"open","ping_status":"open","template":"","meta":{"_bbp_topic_count":0,"_bbp_reply_count":0,"_bbp_total_topic_count":0,"_bbp_total_reply_count":0,"_bbp_voice_count":0,"_bbp_anonymous_reply_count":0,"_bbp_topic_count_hidden":0,"_bbp_reply_count_hidden":0,"_bbp_forum_subforum_count":0},"product_brand":[],"product_cat":[6890,6798,6956,6788,7040,6778,6786,6782,6784,6772,6776,6780,7036,7410,6787,12341,6774,7038,8475,15570,7039],"product_tag":[],"class_list":{"0":"post-367720","1":"product","2":"type-product","3":"status-publish","4":"has-post-thumbnail","6":"product_cat-1-7-1-9pop-like","7":"product_cat-16-25cm","8":"product_cat-action-figure-licensed","9":"product_cat-all-figures","10":"product_cat-dc-comics","11":"product_cat-figure-character","12":"product_cat-figure-feature","13":"product_cat-figure-height","14":"product_cat-figure-scale","15":"product_cat-figure-status","16":"product_cat-figure-studio","17":"product_cat-figure-type","18":"product_cat-fondjoy","19":"product_cat-orderable","20":"product_cat-other","21":"product_cat-pre-order","22":"product_cat-stock-status","23":"product_cat-super-hero","24":"product_cat-superman","25":"product_cat-superman-dc-comics","26":"product_cat-tokusatsu-figure","27":"pa_feature-other","28":"pa_height-16-25cm","29":"pa_production-status-pre-order","30":"pa_release-time-status-2026-06","31":"pa_scale-1-7-1-9pop-like","32":"pa_stock-released-status-orderable","33":"pa_studio-fondjoy","34":"pa_type-2-action-figure-licensed","36":"first","37":"instock","38":"purchasable","39":"product-type-simple"},"_links":{"self":[{"href":"https:\/\/gkbuyer.com\/fi\/wp-json\/wp\/v2\/product\/367720","targetHints":{"allow":["GET"]}}],"collection":[{"href":"https:\/\/gkbuyer.com\/fi\/wp-json\/wp\/v2\/product"}],"about":[{"href":"https:\/\/gkbuyer.com\/fi\/wp-json\/wp\/v2\/types\/product"}],"replies":[{"embeddable":true,"href":"https:\/\/gkbuyer.com\/fi\/wp-json\/wp\/v2\/comments?post=367720"}],"version-history":[{"count":0,"href":"https:\/\/gkbuyer.com\/fi\/wp-json\/wp\/v2\/product\/367720\/revisions"}],"wp:featuredmedia":[{"embeddable":true,"href":"https:\/\/gkbuyer.com\/fi\/wp-json\/wp\/v2\/media\/357057"}],"wp:attachment":[{"href":"https:\/\/gkbuyer.com\/fi\/wp-json\/wp\/v2\/media?parent=367720"}],"wp:term":[{"taxonomy":"product_brand","embeddable":true,"href":"https:\/\/gkbuyer.com\/fi\/wp-json\/wp\/v2\/product_brand?post=367720"},{"taxonomy":"product_cat","embeddable":true,"href":"https:\/\/gkbuyer.com\/fi\/wp-json\/wp\/v2\/product_cat?post=367720"},{"taxonomy":"product_tag","embeddable":true,"href":"https:\/\/gkbuyer.com\/fi\/wp-json\/wp\/v2\/product_tag?post=367720"}],"curies":[{"name":"wp","href":"https:\/\/api.w.org\/{rel}","templated":true}]}}