{"id":368077,"date":"2025-11-24T08:57:34","date_gmt":"2025-11-24T08:57:34","guid":{"rendered":"https:\/\/snow-vulture-127229.hostingersite.com\/product\/dcter-illustrator-teffish-makia-1-7-scale-figure-licensed-2\/"},"modified":"2025-11-24T08:57:47","modified_gmt":"2025-11-24T08:57:47","slug":"dcter-illustrator-teffish-makia-1-7-scale-figure-licensed-2","status":"publish","type":"product","link":"https:\/\/gkbuyer.com\/fi\/product\/dcter-illustrator-teffish-makia-1-7-scale-figure-licensed-2\/","title":{"rendered":"DCTer &#8211; Illustrator Teffish: Makia 1\/7 Scale Figure (Licensed)"},"content":{"rendered":"<p>Studio: DCTer<br \/>\nProduct Name: Illustrator Teffish: Makia 1\/7 Scale Figure<br \/>\nArvioitu valmistuminen: 2026 Q2<br \/>\nSize: &#8212;<br \/>\nRajoitettu yksikk\u00f6m\u00e4\u00e4r\u00e4: \u2014<br \/>\nTuotteen IP-osoite: Alkuper\u00e4inen<br \/>\nProduct Role: Makia<br \/>\nProduct Features: &#8212;<br \/>\nTuotteen mittakaava: 1\/7<br \/>\nHeight Range: &#8212;<br \/>\nProduct Material: PVC,ABS<br \/>\nErikoiskuvaus: \u2014<\/p>","protected":false},"excerpt":{"rendered":"<p>Studio: DCTer Product Name: Illustrator Teffish: Makia 1\/7 Scale Figure Est. Completion: 2026 Q2 Size: &#8212; Limited No Of Unit:<\/p>","protected":false},"featured_media":355769,"comment_status":"open","ping_status":"open","template":"","meta":[],"product_brand":[],"product_cat":[6890,6788,6819,7650,11425,6778,6786,6782,6784,6772,6776,6780,6838,7410,6914,6787,6840,12341,6774,7923],"product_tag":[],"class_list":{"0":"post-368077","1":"product","2":"type-product","3":"status-publish","4":"has-post-thumbnail","6":"product_cat-1-7-1-9pop-like","7":"product_cat-all-figures","8":"product_cat-artist-design","9":"product_cat-artist-design-original","10":"product_cat-dcter","11":"product_cat-figure-character","12":"product_cat-figure-feature","13":"product_cat-figure-height","14":"product_cat-figure-scale","15":"product_cat-figure-status","16":"product_cat-figure-studio","17":"product_cat-figure-type","18":"product_cat-licensed-figure","19":"product_cat-orderable","20":"product_cat-original","21":"product_cat-other","22":"product_cat-other-collectibles","23":"product_cat-pre-order","24":"product_cat-stock-status","25":"product_cat-under-10cm","26":"pa_feature-other","27":"pa_height-under-10cm","28":"pa_production-status-pre-order","29":"pa_release-time-status-2026-06","30":"pa_scale-1-7-1-9pop-like","31":"pa_stock-released-status-orderable","32":"pa_studio-dcter","33":"pa_type-2-licensed-figure","35":"first","36":"instock","37":"purchasable","38":"product-type-simple"},"_links":{"self":[{"href":"https:\/\/gkbuyer.com\/fi\/wp-json\/wp\/v2\/product\/368077","targetHints":{"allow":["GET"]}}],"collection":[{"href":"https:\/\/gkbuyer.com\/fi\/wp-json\/wp\/v2\/product"}],"about":[{"href":"https:\/\/gkbuyer.com\/fi\/wp-json\/wp\/v2\/types\/product"}],"replies":[{"embeddable":true,"href":"https:\/\/gkbuyer.com\/fi\/wp-json\/wp\/v2\/comments?post=368077"}],"version-history":[{"count":0,"href":"https:\/\/gkbuyer.com\/fi\/wp-json\/wp\/v2\/product\/368077\/revisions"}],"wp:featuredmedia":[{"embeddable":true,"href":"https:\/\/gkbuyer.com\/fi\/wp-json\/wp\/v2\/media\/355769"}],"wp:attachment":[{"href":"https:\/\/gkbuyer.com\/fi\/wp-json\/wp\/v2\/media?parent=368077"}],"wp:term":[{"taxonomy":"product_brand","embeddable":true,"href":"https:\/\/gkbuyer.com\/fi\/wp-json\/wp\/v2\/product_brand?post=368077"},{"taxonomy":"product_cat","embeddable":true,"href":"https:\/\/gkbuyer.com\/fi\/wp-json\/wp\/v2\/product_cat?post=368077"},{"taxonomy":"product_tag","embeddable":true,"href":"https:\/\/gkbuyer.com\/fi\/wp-json\/wp\/v2\/product_tag?post=368077"}],"curies":[{"name":"wp","href":"https:\/\/api.w.org\/{rel}","templated":true}]}}