{"id":376520,"date":"2025-12-04T16:44:06","date_gmt":"2025-12-04T16:44:06","guid":{"rendered":"https:\/\/snow-vulture-127229.hostingersite.com\/product\/joytoy-warhammer-40k-ultramarines-jt02779-jt02786-jt02793-jt02809-licensed\/"},"modified":"2025-12-04T16:45:51","modified_gmt":"2025-12-04T16:45:51","slug":"joytoy-warhammer-40k-ultramarines-jt02779-jt02786-jt02793-jt02809-licensed","status":"publish","type":"product","link":"https:\/\/gkbuyer.com\/fi\/product\/joytoy-warhammer-40k-ultramarines-jt02779-jt02786-jt02793-jt02809-licensed\/","title":{"rendered":"JOYTOY &#8211; Warhammer 40K Ultramarines JT02779 JT02786 JT02793 JT02809 (Licensed)"},"content":{"rendered":"<p>Studio: JOYTOY<br \/>\nProduct Name: Warhammer 40K Ultramarines JT02779 JT02786 JT02793 JT02809<br \/>\nArvioitu valmistuminen: 2026 Q1<br \/>\nSize: (H) 12.3cm<br \/>\nRajoitettu yksikk\u00f6m\u00e4\u00e4r\u00e4: \u2014<br \/>\nProduct IP: Warhammer 40K<br \/>\nProduct Role: Titus, Vetaurus, Levantus, Torvald<br \/>\nProduct Features: &#8212;<br \/>\nProduct Scale: 1\/18<br \/>\nKorkeusalue: 10\u201315 cm<br \/>\nTuotteen materiaali: PVC<br \/>\nErikoiskuvaus: \u2014<\/p>","protected":false},"excerpt":{"rendered":"<p>Studio: JOYTOY Product Name: Warhammer 40K Ultramarines JT02779 JT02786 JT02793 JT02809 Est. Completion: 2026 Q1 Size: (H) 12.3cm Limited No<\/p>","protected":false},"featured_media":374732,"comment_status":"open","ping_status":"open","template":"","meta":[],"product_brand":[],"product_cat":[6783,6956,6788,6778,6786,6782,6784,6772,6776,6780,7342,7410,6914,6787,6840,6785,12341,6774,13402,7343],"product_tag":[],"class_list":{"0":"post-376520","1":"product","2":"type-product","3":"status-publish","4":"has-post-thumbnail","6":"product_cat-10-15cm","7":"product_cat-action-figure-licensed","8":"product_cat-all-figures","9":"product_cat-figure-character","10":"product_cat-figure-feature","11":"product_cat-figure-height","12":"product_cat-figure-scale","13":"product_cat-figure-status","14":"product_cat-figure-studio","15":"product_cat-figure-type","16":"product_cat-joytoy","17":"product_cat-orderable","18":"product_cat-original","19":"product_cat-other","20":"product_cat-other-collectibles","21":"product_cat-other-scale","22":"product_cat-pre-order","23":"product_cat-stock-status","24":"product_cat-warhammer-series-original","25":"product_cat-warhammer-series","26":"pa_character-warhammer-series","27":"pa_feature-other","28":"pa_height-10-15cm","29":"pa_production-status-pre-order","30":"pa_release-time-status-2026-01","31":"pa_scale-other-scale","32":"pa_stock-released-status-orderable","33":"pa_studio-joytoy","34":"pa_type-2-action-figure-licensed","36":"first","37":"instock","38":"purchasable","39":"product-type-variable"},"_links":{"self":[{"href":"https:\/\/gkbuyer.com\/fi\/wp-json\/wp\/v2\/product\/376520","targetHints":{"allow":["GET"]}}],"collection":[{"href":"https:\/\/gkbuyer.com\/fi\/wp-json\/wp\/v2\/product"}],"about":[{"href":"https:\/\/gkbuyer.com\/fi\/wp-json\/wp\/v2\/types\/product"}],"replies":[{"embeddable":true,"href":"https:\/\/gkbuyer.com\/fi\/wp-json\/wp\/v2\/comments?post=376520"}],"version-history":[{"count":0,"href":"https:\/\/gkbuyer.com\/fi\/wp-json\/wp\/v2\/product\/376520\/revisions"}],"wp:featuredmedia":[{"embeddable":true,"href":"https:\/\/gkbuyer.com\/fi\/wp-json\/wp\/v2\/media\/374732"}],"wp:attachment":[{"href":"https:\/\/gkbuyer.com\/fi\/wp-json\/wp\/v2\/media?parent=376520"}],"wp:term":[{"taxonomy":"product_brand","embeddable":true,"href":"https:\/\/gkbuyer.com\/fi\/wp-json\/wp\/v2\/product_brand?post=376520"},{"taxonomy":"product_cat","embeddable":true,"href":"https:\/\/gkbuyer.com\/fi\/wp-json\/wp\/v2\/product_cat?post=376520"},{"taxonomy":"product_tag","embeddable":true,"href":"https:\/\/gkbuyer.com\/fi\/wp-json\/wp\/v2\/product_tag?post=376520"}],"curies":[{"name":"wp","href":"https:\/\/api.w.org\/{rel}","templated":true}]}}