{"id":391893,"date":"2025-12-30T01:06:56","date_gmt":"2025-12-30T01:06:56","guid":{"rendered":"https:\/\/gkbuyer.com\/product\/upower-studio-vegito-dragon-ball-3\/"},"modified":"2025-12-30T01:08:05","modified_gmt":"2025-12-30T01:08:05","slug":"upower-studio-vegito-dragon-ball-3","status":"publish","type":"product","link":"https:\/\/gkbuyer.com\/fi\/product\/upower-studio-vegito-dragon-ball-3\/","title":{"rendered":"Upower studio &#8211; Vegito Dragon Ball"},"content":{"rendered":"<p>Studio: Upower studio<br \/>\nProduct Name:Vegito<br \/>\nEst. Completion:2026 Q2-Q3<br \/>\nKoko:<br \/>\n1\/6 (H)45 cm x (D)25 cm x (W)27 cm<br \/>\n1\/4 (H)67 cm x (D)37 cm x (W)40 cm<br \/>\nRajoitettu yksikk\u00f6m\u00e4\u00e4r\u00e4:<br \/>\nProduct IP:Dragon Ball<br \/>\nProduct Role:Vegito<br \/>\nTuotteen ominaisuudet: Kuumaverinen animaatio<br \/>\nProduct Scale:1\/4 &#038; 1\/6<br \/>\nPituusalue: 51\u201369 cm<br \/>\nProduct Material:PU + imported resin<br \/>\nErikoiskuvaus:<br \/>\nConfiguration:Main figure with base + Large lightsaber + Black head sculpt + Yellow head sculpt + Replacement hands (Buu) + Head sculpt stand<br \/>\nDLC:Small lightsaber + Replacement upper body + Blue head sculpt + Blue lightning effect part<br \/>\nGreatsword model modified, extending into the palm. Shoe upper 3 grooves changed to 4 grooves. Character proportions modified, slightly enlarged. Half-body statue base slightly raised.<\/p>","protected":false},"excerpt":{"rendered":"<p>Studio: Upower studio Product Name:Vegito Est. Completion:2026 Q2-Q3 Size: 1\/6 (H)45 cm x (D)25 cm x (W)27 cm 1\/4 (H)67<\/p>","protected":false},"featured_media":384854,"comment_status":"open","ping_status":"open","template":"","meta":[],"product_brand":[],"product_cat":[9040,6788,6789,6811,6778,6786,6782,6784,6772,6776,6780,6781,7410,6787,6785,12341,6774,6815,22284,8227,8228],"product_tag":[],"class_list":{"0":"post-391893","1":"product","2":"type-product","3":"status-publish","4":"has-post-thumbnail","6":"product_cat-51-69cm","7":"product_cat-all-figures","8":"product_cat-anime-figure","9":"product_cat-dragon-ball","10":"product_cat-figure-character","11":"product_cat-figure-feature","12":"product_cat-figure-height","13":"product_cat-figure-scale","14":"product_cat-figure-status","15":"product_cat-figure-studio","16":"product_cat-figure-type","17":"product_cat-gk-statue","18":"product_cat-orderable","19":"product_cat-other","20":"product_cat-other-scale","21":"product_cat-pre-order","22":"product_cat-stock-status","23":"product_cat-unknown","24":"product_cat-upower-studio","25":"product_cat-vegitovegetto","26":"product_cat-vegitovegetto-dragon-ball","27":"pa_character-vegitovegetto","28":"pa_feature-other","29":"pa_height-figure-height51-69cm","30":"pa_height-unknown","31":"pa_production-status-pre-order","32":"pa_release-time-status-2026-09","33":"pa_scale-other-scale","34":"pa_stock-released-status-orderable","35":"pa_studio-upower-studio","36":"pa_type-2-gk-statue","38":"first","39":"instock","40":"purchasable","41":"product-type-variable"},"_links":{"self":[{"href":"https:\/\/gkbuyer.com\/fi\/wp-json\/wp\/v2\/product\/391893","targetHints":{"allow":["GET"]}}],"collection":[{"href":"https:\/\/gkbuyer.com\/fi\/wp-json\/wp\/v2\/product"}],"about":[{"href":"https:\/\/gkbuyer.com\/fi\/wp-json\/wp\/v2\/types\/product"}],"replies":[{"embeddable":true,"href":"https:\/\/gkbuyer.com\/fi\/wp-json\/wp\/v2\/comments?post=391893"}],"version-history":[{"count":0,"href":"https:\/\/gkbuyer.com\/fi\/wp-json\/wp\/v2\/product\/391893\/revisions"}],"wp:featuredmedia":[{"embeddable":true,"href":"https:\/\/gkbuyer.com\/fi\/wp-json\/wp\/v2\/media\/384854"}],"wp:attachment":[{"href":"https:\/\/gkbuyer.com\/fi\/wp-json\/wp\/v2\/media?parent=391893"}],"wp:term":[{"taxonomy":"product_brand","embeddable":true,"href":"https:\/\/gkbuyer.com\/fi\/wp-json\/wp\/v2\/product_brand?post=391893"},{"taxonomy":"product_cat","embeddable":true,"href":"https:\/\/gkbuyer.com\/fi\/wp-json\/wp\/v2\/product_cat?post=391893"},{"taxonomy":"product_tag","embeddable":true,"href":"https:\/\/gkbuyer.com\/fi\/wp-json\/wp\/v2\/product_tag?post=391893"}],"curies":[{"name":"wp","href":"https:\/\/api.w.org\/{rel}","templated":true}]}}