{"id":392471,"date":"2025-12-30T17:04:34","date_gmt":"2025-12-30T17:04:34","guid":{"rendered":"https:\/\/gkbuyer.com\/product\/bandai-smp-shokugan-modeling-project-magical-team-demon-fusion-demon-king-licensed\/"},"modified":"2025-12-30T17:04:59","modified_gmt":"2025-12-30T17:04:59","slug":"bandai-smp-shokugan-modeling-project-magical-team-demon-fusion-demon-king-licensed","status":"publish","type":"product","link":"https:\/\/gkbuyer.com\/fi\/product\/bandai-smp-shokugan-modeling-project-magical-team-demon-fusion-demon-king-licensed\/","title":{"rendered":"BANDAI &#8211; SMP SHOKUGAN MODELING PROJECT: Magical Team &#8211; Demon Fusion &#8211; Demon King (Licensed)"},"content":{"rendered":"<p>Studio: BANDAI<br \/>\nProduct Name: SMP SHOKUGAN MODELING PROJECT: Magical Team &#8211; Demon Fusion &#8211; Demon King<br \/>\nArvioitu valmistuminen: 2026 Q2<br \/>\nSize: (H) 16cm<br \/>\nRajoitettu yksikk\u00f6m\u00e4\u00e4r\u00e4: \u2014<br \/>\nProduct IP: Mirai Sentai Timeranger<br \/>\nProduct Role: Magic King<br \/>\nProduct Features: &#8212;<br \/>\nTuotteen mittakaava: \u2014<br \/>\nKorkeusalue: 16\u201325 cm<br \/>\nProduct Material: PVC\u3001ABS<br \/>\nErikoiskuvaus: \u2014<\/p>","protected":false},"excerpt":{"rendered":"<p>Studio: BANDAI Product Name: SMP SHOKUGAN MODELING PROJECT: Magical Team &#8211; Demon Fusion &#8211; Demon King Est. Completion: 2026 Q2<\/p>","protected":false},"featured_media":388239,"comment_status":"open","ping_status":"open","template":"","meta":{"_bbp_topic_count":0,"_bbp_reply_count":0,"_bbp_total_topic_count":0,"_bbp_total_reply_count":0,"_bbp_voice_count":0,"_bbp_anonymous_reply_count":0,"_bbp_topic_count_hidden":0,"_bbp_reply_count_hidden":0,"_bbp_forum_subforum_count":0},"product_brand":[],"product_cat":[6798,6788,7008,6778,6786,6782,6784,6772,6776,6780,6820,23681,7410,6787,6785,12341,6774],"product_tag":[],"class_list":{"0":"post-392471","1":"product","2":"type-product","3":"status-publish","4":"has-post-thumbnail","6":"product_cat-16-25cm","7":"product_cat-all-figures","8":"product_cat-bandai","9":"product_cat-figure-character","10":"product_cat-figure-feature","11":"product_cat-figure-height","12":"product_cat-figure-scale","13":"product_cat-figure-status","14":"product_cat-figure-studio","15":"product_cat-figure-type","16":"product_cat-gunpla","17":"product_cat-magic-king","18":"product_cat-orderable","19":"product_cat-other","20":"product_cat-other-scale","21":"product_cat-pre-order","22":"product_cat-stock-status","23":"pa_character-magic-king","24":"pa_feature-other","25":"pa_height-16-25cm","26":"pa_production-status-pre-order","27":"pa_release-time-status-2026-06","28":"pa_scale-other-scale","29":"pa_stock-released-status-orderable","30":"pa_studio-bandai","31":"pa_type-2-gunpla","33":"first","34":"instock","35":"purchasable","36":"product-type-simple"},"_links":{"self":[{"href":"https:\/\/gkbuyer.com\/fi\/wp-json\/wp\/v2\/product\/392471","targetHints":{"allow":["GET"]}}],"collection":[{"href":"https:\/\/gkbuyer.com\/fi\/wp-json\/wp\/v2\/product"}],"about":[{"href":"https:\/\/gkbuyer.com\/fi\/wp-json\/wp\/v2\/types\/product"}],"replies":[{"embeddable":true,"href":"https:\/\/gkbuyer.com\/fi\/wp-json\/wp\/v2\/comments?post=392471"}],"version-history":[{"count":0,"href":"https:\/\/gkbuyer.com\/fi\/wp-json\/wp\/v2\/product\/392471\/revisions"}],"wp:featuredmedia":[{"embeddable":true,"href":"https:\/\/gkbuyer.com\/fi\/wp-json\/wp\/v2\/media\/388239"}],"wp:attachment":[{"href":"https:\/\/gkbuyer.com\/fi\/wp-json\/wp\/v2\/media?parent=392471"}],"wp:term":[{"taxonomy":"product_brand","embeddable":true,"href":"https:\/\/gkbuyer.com\/fi\/wp-json\/wp\/v2\/product_brand?post=392471"},{"taxonomy":"product_cat","embeddable":true,"href":"https:\/\/gkbuyer.com\/fi\/wp-json\/wp\/v2\/product_cat?post=392471"},{"taxonomy":"product_tag","embeddable":true,"href":"https:\/\/gkbuyer.com\/fi\/wp-json\/wp\/v2\/product_tag?post=392471"}],"curies":[{"name":"wp","href":"https:\/\/api.w.org\/{rel}","templated":true}]}}