{"id":392509,"date":"2025-12-30T17:15:01","date_gmt":"2025-12-30T17:15:01","guid":{"rendered":"https:\/\/gkbuyer.com\/product\/choearth-arknights-mini-series-q-figure-amiya-among-infinite-universes-ver-licensed\/"},"modified":"2025-12-30T17:15:27","modified_gmt":"2025-12-30T17:15:27","slug":"choearth-arknights-mini-series-q-figure-amiya-among-infinite-universes-ver-licensed","status":"publish","type":"product","link":"https:\/\/gkbuyer.com\/fi\/product\/choearth-arknights-mini-series-q-figure-amiya-among-infinite-universes-ver-licensed\/","title":{"rendered":"CHOEARTH &#8211; Arknights MINI Series Q Figure Amiya Among Infinite Universes Ver. (Licensed)"},"content":{"rendered":"<p>Studio: CHOEARTH<br \/>\nProduct Name: Arknights MINI Series Q Figure Amiya Among Infinite Universes Ver.<br \/>\nArvioitu valmistuminen: 2026 Q2<br \/>\nSize: The main body is approximately 12.5cm tall, and the back panel is approximately 15cm tall.<br \/>\nRajoitettu yksikk\u00f6m\u00e4\u00e4r\u00e4: \u2014<br \/>\nProduct IP: Arknights<br \/>\nProduct Role: Amiya<br \/>\nProduct Features: &#8212;<br \/>\nTuotteen mittakaava: \u2014<br \/>\nKorkeusalue: 10\u201315 cm<br \/>\nProduct Material: ABS, PVC, Acrylic<br \/>\nErikoiskuvaus: \u2014<br \/>\nBonus: Acrylic stand + Badge<\/p>","protected":false},"excerpt":{"rendered":"<p>Studio: CHOEARTH Product Name: Arknights MINI Series Q Figure Amiya Among Infinite Universes Ver. Est. Completion: 2026 Q2 Size: The<\/p>","protected":false},"featured_media":388955,"comment_status":"open","ping_status":"open","template":"","meta":[],"product_brand":[],"product_cat":[6783,6788,23703,15696,7543,23702,6778,6786,6782,6784,6772,6776,6780,6838,6802,7410,6787,6785,12341,6774],"product_tag":[],"class_list":{"0":"post-392509","1":"product","2":"type-product","3":"status-publish","4":"has-post-thumbnail","6":"product_cat-10-15cm","7":"product_cat-all-figures","8":"product_cat-amiya-arknights","9":"product_cat-amiya","10":"product_cat-arknights","11":"product_cat-choearth","12":"product_cat-figure-character","13":"product_cat-figure-feature","14":"product_cat-figure-height","15":"product_cat-figure-scale","16":"product_cat-figure-status","17":"product_cat-figure-studio","18":"product_cat-figure-type","19":"product_cat-licensed-figure","20":"product_cat-mobile-game-figure","21":"product_cat-orderable","22":"product_cat-other","23":"product_cat-other-scale","24":"product_cat-pre-order","25":"product_cat-stock-status","26":"pa_character-amiya","27":"pa_feature-other","28":"pa_height-10-15cm","29":"pa_production-status-pre-order","30":"pa_release-time-status-2026-05","31":"pa_scale-other-scale","32":"pa_stock-released-status-orderable","33":"pa_studio-choearth","34":"pa_type-2-licensed-figure","36":"first","37":"instock","38":"purchasable","39":"product-type-simple"},"_links":{"self":[{"href":"https:\/\/gkbuyer.com\/fi\/wp-json\/wp\/v2\/product\/392509","targetHints":{"allow":["GET"]}}],"collection":[{"href":"https:\/\/gkbuyer.com\/fi\/wp-json\/wp\/v2\/product"}],"about":[{"href":"https:\/\/gkbuyer.com\/fi\/wp-json\/wp\/v2\/types\/product"}],"replies":[{"embeddable":true,"href":"https:\/\/gkbuyer.com\/fi\/wp-json\/wp\/v2\/comments?post=392509"}],"version-history":[{"count":0,"href":"https:\/\/gkbuyer.com\/fi\/wp-json\/wp\/v2\/product\/392509\/revisions"}],"wp:featuredmedia":[{"embeddable":true,"href":"https:\/\/gkbuyer.com\/fi\/wp-json\/wp\/v2\/media\/388955"}],"wp:attachment":[{"href":"https:\/\/gkbuyer.com\/fi\/wp-json\/wp\/v2\/media?parent=392509"}],"wp:term":[{"taxonomy":"product_brand","embeddable":true,"href":"https:\/\/gkbuyer.com\/fi\/wp-json\/wp\/v2\/product_brand?post=392509"},{"taxonomy":"product_cat","embeddable":true,"href":"https:\/\/gkbuyer.com\/fi\/wp-json\/wp\/v2\/product_cat?post=392509"},{"taxonomy":"product_tag","embeddable":true,"href":"https:\/\/gkbuyer.com\/fi\/wp-json\/wp\/v2\/product_tag?post=392509"}],"curies":[{"name":"wp","href":"https:\/\/api.w.org\/{rel}","templated":true}]}}