{"id":399706,"date":"2026-02-03T04:26:16","date_gmt":"2026-02-03T04:26:16","guid":{"rendered":"https:\/\/gkbuyer.com\/product\/joytoy-kof98um-fatal-fury-team-jt03318-jt03325-jt03332-licensed\/"},"modified":"2026-02-03T04:28:05","modified_gmt":"2026-02-03T04:28:05","slug":"joytoy-kof98um-fatal-fury-team-jt03318-jt03325-jt03332-licensed","status":"publish","type":"product","link":"https:\/\/gkbuyer.com\/fi\/product\/joytoy-kof98um-fatal-fury-team-jt03318-jt03325-jt03332-licensed\/","title":{"rendered":"JOYTOY &#8211; KOF&#8217;98UM Fatal Fury Team JT03318 JT03325 JT03332 (Licensed)"},"content":{"rendered":"<p>Studio: JOYTOY<br \/>\nProduct Name: KOF&#8217;98UM Fatal Fury Team<br \/>\nArvioitu valmistuminen: 2026 Q2<br \/>\nSize: (H) 11-12cm<br \/>\nRajoitettu yksikk\u00f6m\u00e4\u00e4r\u00e4: \u2014<br \/>\nProduct IP: Fatal Fury<br \/>\nProduct Role: Terry Bogard, Andy Bogard, Joe Higashi<br \/>\nProduct Features: &#8212;<br \/>\nProduct Scale: 1\/18<br \/>\nKorkeusalue: 10\u201315 cm<br \/>\nProduct Material: PVC\u3001ABS<br \/>\nErikoiskuvaus: \u2014<\/p>","protected":false},"excerpt":{"rendered":"<p>Studio: JOYTOY Product Name: KOF&#8217;98UM Fatal Fury Team Est. Completion: 2026 Q2 Size: (H) 11-12cm Limited No Of Unit: &#8212;<\/p>","protected":false},"featured_media":397130,"comment_status":"open","ping_status":"open","template":"","meta":[],"product_brand":[],"product_cat":[6783,6956,6788,24139,24140,6778,6786,6782,6784,6772,6776,6780,7342,7410,6787,6785,12341,6774,24141,24138,6887],"product_tag":[],"class_list":{"0":"post-399706","1":"product","2":"type-product","3":"status-publish","4":"has-post-thumbnail","6":"product_cat-10-15cm","7":"product_cat-action-figure-licensed","8":"product_cat-all-figures","9":"product_cat-andy-bogard","10":"product_cat-fatal-fury","11":"product_cat-figure-character","12":"product_cat-figure-feature","13":"product_cat-figure-height","14":"product_cat-figure-scale","15":"product_cat-figure-status","16":"product_cat-figure-studio","17":"product_cat-figure-type","18":"product_cat-joytoy","19":"product_cat-orderable","20":"product_cat-other","21":"product_cat-other-scale","22":"product_cat-pre-order","23":"product_cat-stock-status","24":"product_cat-terry-bogard-fatal-fury","25":"product_cat-terry-bogard","26":"product_cat-video-game-figure","27":"pa_character-andy-bogard","28":"pa_character-terry-bogard","29":"pa_feature-other","30":"pa_height-10-15cm","31":"pa_production-status-pre-order","32":"pa_release-time-status-2026-04","33":"pa_scale-other-scale","34":"pa_stock-released-status-orderable","35":"pa_studio-joytoy","36":"pa_type-2-action-figure-licensed","38":"first","39":"instock","40":"purchasable","41":"product-type-variable"},"_links":{"self":[{"href":"https:\/\/gkbuyer.com\/fi\/wp-json\/wp\/v2\/product\/399706","targetHints":{"allow":["GET"]}}],"collection":[{"href":"https:\/\/gkbuyer.com\/fi\/wp-json\/wp\/v2\/product"}],"about":[{"href":"https:\/\/gkbuyer.com\/fi\/wp-json\/wp\/v2\/types\/product"}],"replies":[{"embeddable":true,"href":"https:\/\/gkbuyer.com\/fi\/wp-json\/wp\/v2\/comments?post=399706"}],"version-history":[{"count":0,"href":"https:\/\/gkbuyer.com\/fi\/wp-json\/wp\/v2\/product\/399706\/revisions"}],"wp:featuredmedia":[{"embeddable":true,"href":"https:\/\/gkbuyer.com\/fi\/wp-json\/wp\/v2\/media\/397130"}],"wp:attachment":[{"href":"https:\/\/gkbuyer.com\/fi\/wp-json\/wp\/v2\/media?parent=399706"}],"wp:term":[{"taxonomy":"product_brand","embeddable":true,"href":"https:\/\/gkbuyer.com\/fi\/wp-json\/wp\/v2\/product_brand?post=399706"},{"taxonomy":"product_cat","embeddable":true,"href":"https:\/\/gkbuyer.com\/fi\/wp-json\/wp\/v2\/product_cat?post=399706"},{"taxonomy":"product_tag","embeddable":true,"href":"https:\/\/gkbuyer.com\/fi\/wp-json\/wp\/v2\/product_tag?post=399706"}],"curies":[{"name":"wp","href":"https:\/\/api.w.org\/{rel}","templated":true}]}}