{"id":399816,"date":"2026-02-03T04:53:53","date_gmt":"2026-02-03T04:53:53","guid":{"rendered":"https:\/\/gkbuyer.com\/product\/gsc-honkai-star-rail-hello-good-smile-q-version-figure-dan-heng-x-march-7th-licensed\/"},"modified":"2026-02-03T04:54:24","modified_gmt":"2026-02-03T04:54:24","slug":"gsc-honkai-star-rail-hello-good-smile-q-version-figure-dan-heng-x-march-7th-licensed","status":"publish","type":"product","link":"https:\/\/gkbuyer.com\/fi\/product\/gsc-honkai-star-rail-hello-good-smile-q-version-figure-dan-heng-x-march-7th-licensed\/","title":{"rendered":"GSC &#8211; Honkai: Star Rail HELLO! GOOD SMILE Q Version Figure Dan Heng X March 7th (Licensed)"},"content":{"rendered":"<p>Studio: GOOD SMILE COMPANY<br \/>\nProduct Name: Honkai: Star Rail HELLO! GOOD SMILE Q Version Figure Dan Heng X March 7th<br \/>\nEst. Completion: 2026 Q4<br \/>\nSize: (H) 10cm<br \/>\nRajoitettu yksikk\u00f6m\u00e4\u00e4r\u00e4: \u2014<br \/>\nProduct IP: Honkai: Star Rail<br \/>\nProduct Role: Dan Heng, March 7th<br \/>\nProduct Features: &#8212;<br \/>\nTuotteen mittakaava: \u2014<br \/>\nKorkeusalue: 10\u201315 cm<br \/>\nProduct Material: ABS, PVC<br \/>\nErikoiskuvaus: \u2014<\/p>","protected":false},"excerpt":{"rendered":"<p>Studio: GOOD SMILE COMPANY Product Name: Honkai: Star Rail HELLO! GOOD SMILE Q Version Figure Dan Heng X March 7th<\/p>","protected":false},"featured_media":397971,"comment_status":"open","ping_status":"open","template":"","meta":[],"product_brand":[],"product_cat":[6783,6788,11517,14070,6778,6786,6782,6784,6772,6776,6780,7118,6852,6838,10412,6858,6802,7410,6787,6785,12341,6774],"product_tag":[],"class_list":{"0":"post-399816","1":"product","2":"type-product","3":"status-publish","4":"has-post-thumbnail","6":"product_cat-10-15cm","7":"product_cat-all-figures","8":"product_cat-dan-heng","9":"product_cat-dan-heng-honkai-star-rail","10":"product_cat-figure-character","11":"product_cat-figure-feature","12":"product_cat-figure-height","13":"product_cat-figure-scale","14":"product_cat-figure-status","15":"product_cat-figure-studio","16":"product_cat-figure-type","17":"product_cat-good-smile-company","18":"product_cat-honkai-star-rail","19":"product_cat-licensed-figure","20":"product_cat-march-7th","21":"product_cat-mihoyo","22":"product_cat-mobile-game-figure","23":"product_cat-orderable","24":"product_cat-other","25":"product_cat-other-scale","26":"product_cat-pre-order","27":"product_cat-stock-status","28":"pa_character-dan-heng","29":"pa_character-march-7th","30":"pa_feature-other","31":"pa_height-10-15cm","32":"pa_production-status-pre-order","33":"pa_release-time-status-2026-10","34":"pa_scale-other-scale","35":"pa_stock-released-status-orderable","36":"pa_studio-good-smile-company","37":"pa_studio-mihoyo","38":"pa_type-2-licensed-figure","40":"first","41":"instock","42":"purchasable","43":"product-type-variable"},"_links":{"self":[{"href":"https:\/\/gkbuyer.com\/fi\/wp-json\/wp\/v2\/product\/399816","targetHints":{"allow":["GET"]}}],"collection":[{"href":"https:\/\/gkbuyer.com\/fi\/wp-json\/wp\/v2\/product"}],"about":[{"href":"https:\/\/gkbuyer.com\/fi\/wp-json\/wp\/v2\/types\/product"}],"replies":[{"embeddable":true,"href":"https:\/\/gkbuyer.com\/fi\/wp-json\/wp\/v2\/comments?post=399816"}],"version-history":[{"count":0,"href":"https:\/\/gkbuyer.com\/fi\/wp-json\/wp\/v2\/product\/399816\/revisions"}],"wp:featuredmedia":[{"embeddable":true,"href":"https:\/\/gkbuyer.com\/fi\/wp-json\/wp\/v2\/media\/397971"}],"wp:attachment":[{"href":"https:\/\/gkbuyer.com\/fi\/wp-json\/wp\/v2\/media?parent=399816"}],"wp:term":[{"taxonomy":"product_brand","embeddable":true,"href":"https:\/\/gkbuyer.com\/fi\/wp-json\/wp\/v2\/product_brand?post=399816"},{"taxonomy":"product_cat","embeddable":true,"href":"https:\/\/gkbuyer.com\/fi\/wp-json\/wp\/v2\/product_cat?post=399816"},{"taxonomy":"product_tag","embeddable":true,"href":"https:\/\/gkbuyer.com\/fi\/wp-json\/wp\/v2\/product_tag?post=399816"}],"curies":[{"name":"wp","href":"https:\/\/api.w.org\/{rel}","templated":true}]}}