{"id":160893,"date":"2025-09-09T06:55:07","date_gmt":"2025-09-09T06:55:07","guid":{"rendered":"https:\/\/gkbuyer.com\/product\/prime-1-studio-concept-masterline-made-in-abyss-rikoreg-and-nanachi-cmmia-01-licensed\/"},"modified":"2025-09-09T06:55:07","modified_gmt":"2025-09-09T06:55:07","slug":"prime-1-studio-concept-masterline-made-in-abyss-rikoreg-and-nanachi-cmmia-01-licensed","status":"publish","type":"product","link":"https:\/\/gkbuyer.com\/fr\/product\/prime-1-studio-concept-masterline-made-in-abyss-rikoreg-and-nanachi-cmmia-01-licensed\/","title":{"rendered":"Prime 1 Studio &#8211; Concept Masterline MADE IN ABYSS Riko,Reg and Nanachi CMMIA-01 (Licensed)"},"content":{"rendered":"<p>Param\u00e8tres du produit<br \/>\nStudio : Prime 1 Studio<br \/>\nProduct Name: Prime 1 Studio Concept Masterline MADE IN ABYSS Riko, Reg<br \/>\nand Nanachi<br \/>\nEst. Completion: May 2024 &#8211; Aug. 2024<br \/>\nSize: Approximately H:27cm W:17cm D:15cm<br \/>\nLimited No. Of Units: 400<br \/>\nProduct IP: MADE IN ABYSS<br \/>\nProduct Role: Reg and Nanachi<br \/>\nCaract\u00e9ristiques du produit : Anime<br \/>\nProduct Scale: Non<br \/>\nHeight Range: 27cm<br \/>\nMat\u00e9riau du produit : Polystone et autres mat\u00e9riaux<br \/>\nDescription sp\u00e9ciale :<\/p>\n<p>Exemples de prototypes pr\u00e9sent\u00e9s.<br \/>\nProduct details could be subject to change without further notice.<br \/>\nVeuillez noter que les sp\u00e9cifications du produit final peuvent diff\u00e9rer car chaque produit est fait \u00e0 la main.<br \/>\n\u00c9tant donn\u00e9 que le produit est encore en phase de d\u00e9veloppement, la taille (jusqu&#039;\u00e0 10%) et le poids (jusqu&#039;\u00e0 10 kg) peuvent \u00eatre modifi\u00e9s pendant la phase de production.<\/p>","protected":false},"excerpt":{"rendered":"<p>Product Parameters Studio: Prime 1 Studio Product Name: Prime 1 Studio Concept Masterline MADE IN ABYSS Riko, Reg and Nanachi<\/p>","protected":false},"featured_media":41732,"comment_status":"open","ping_status":"open","template":"","meta":[],"product_brand":[],"product_cat":[6801,8276,6788,6775,6778,6786,6782,6784,6772,6776,6780,6913,8672,6787,8669,8671,6773,8670,6774],"product_tag":[],"class_list":{"0":"post-160893","1":"product","2":"type-product","3":"status-publish","4":"has-post-thumbnail","6":"product_cat-1-6","7":"product_cat-26-35cm","8":"product_cat-all-figures","9":"product_cat-contact-customer-service-for-spot-price","10":"product_cat-figure-character","11":"product_cat-figure-feature","12":"product_cat-figure-height","13":"product_cat-figure-scale","14":"product_cat-figure-status","15":"product_cat-figure-studio","16":"product_cat-figure-type","17":"product_cat-licensed-statue","18":"product_cat-nanachi","19":"product_cat-other","20":"product_cat-prime-1-studio","21":"product_cat-reg","22":"product_cat-released","23":"product_cat-riko","24":"product_cat-stock-status","26":"first","27":"instock","28":"purchasable","29":"product-type-simple"},"_links":{"self":[{"href":"https:\/\/gkbuyer.com\/fr\/wp-json\/wp\/v2\/product\/160893","targetHints":{"allow":["GET"]}}],"collection":[{"href":"https:\/\/gkbuyer.com\/fr\/wp-json\/wp\/v2\/product"}],"about":[{"href":"https:\/\/gkbuyer.com\/fr\/wp-json\/wp\/v2\/types\/product"}],"replies":[{"embeddable":true,"href":"https:\/\/gkbuyer.com\/fr\/wp-json\/wp\/v2\/comments?post=160893"}],"version-history":[{"count":0,"href":"https:\/\/gkbuyer.com\/fr\/wp-json\/wp\/v2\/product\/160893\/revisions"}],"wp:featuredmedia":[{"embeddable":true,"href":"https:\/\/gkbuyer.com\/fr\/wp-json\/wp\/v2\/media\/41732"}],"wp:attachment":[{"href":"https:\/\/gkbuyer.com\/fr\/wp-json\/wp\/v2\/media?parent=160893"}],"wp:term":[{"taxonomy":"product_brand","embeddable":true,"href":"https:\/\/gkbuyer.com\/fr\/wp-json\/wp\/v2\/product_brand?post=160893"},{"taxonomy":"product_cat","embeddable":true,"href":"https:\/\/gkbuyer.com\/fr\/wp-json\/wp\/v2\/product_cat?post=160893"},{"taxonomy":"product_tag","embeddable":true,"href":"https:\/\/gkbuyer.com\/fr\/wp-json\/wp\/v2\/product_tag?post=160893"}],"curies":[{"name":"wp","href":"https:\/\/api.w.org\/{rel}","templated":true}]}}