{"id":236188,"date":"2025-10-08T02:54:53","date_gmt":"2025-10-08T02:54:53","guid":{"rendered":"https:\/\/gkbuyer.com\/product\/gong-studio-ling-cage-bai-yuekui-1-8-action-figure-licensed\/"},"modified":"2025-10-08T02:55:07","modified_gmt":"2025-10-08T02:55:07","slug":"gong-studio-ling-cage-bai-yuekui-1-8-action-figure-licensed","status":"publish","type":"product","link":"https:\/\/gkbuyer.com\/fr\/product\/gong-studio-ling-cage-bai-yuekui-1-8-action-figure-licensed\/","title":{"rendered":"GONG Studio &#8211; Ling Cage Bai Yuekui 1\/8 Action Figure (Licensed)"},"content":{"rendered":"<p>GONG Studio &#8211; Ling Cage Bai Yuekui 1\/8 Action Figure (Licensed)<br \/>\nLing Cage Bai Yuekui 1\/8 Action Figure<br \/>\nRelease Date: Oct-2025<br \/>\nJAN code:6941313004757<br \/>\nBrand:GONG Studio<br \/>\nSeries Title:Original Series<br \/>\nCharacter Name:Bai Yuekui<br \/>\nSpecifications<br \/>\nSize: Approx. H21.5cm<br \/>\nMati\u00e8re : PVC<br \/>\nDetails From The Ling Cage<br \/>\nContenu:<br \/>\nMain body \u00d71 (includes: head sculpture \u00d71, relaxed right hand \u00d71, glasses-adjusting left hand \u00d71)<br \/>\nAlternate head sculpture \u00d71<br \/>\nAlternate appearance (with glasses) \u00d71<br \/>\nType A gripping hands \u00d71 pair<br \/>\nType B gripping left hand \u00d71<br \/>\nOpen left hand \u00d71<br \/>\nFabric cloak \u00d71<br \/>\nTang sword \u00d71 (with scabbard \u00d71)<br \/>\nFire jar \u00d71<br \/>\nFire starter \u00d71<br \/>\nDisplay base \u00d71<\/p>","protected":false},"excerpt":{"rendered":"<p>GONG Studio &#8211; Ling Cage Bai Yuekui 1\/8 Action Figure (Licensed) Ling Cage Bai Yuekui 1\/8 Action Figure Release Date:<\/p>","protected":false},"featured_media":232734,"comment_status":"open","ping_status":"open","template":"","meta":[],"product_brand":[],"product_cat":[6890,6798,6956,6788,6789,15090,15242,6778,6786,6782,6784,6772,6776,6780,10180,13953,7410,6787,12341,6774],"product_tag":[],"class_list":{"0":"post-236188","1":"product","2":"type-product","3":"status-publish","4":"has-post-thumbnail","6":"product_cat-1-7-1-9pop-like","7":"product_cat-16-25cm","8":"product_cat-action-figure-licensed","9":"product_cat-all-figures","10":"product_cat-anime-figure","11":"product_cat-bai-yuekui","12":"product_cat-bai-yuekui-ling-cage-incarnation","13":"product_cat-figure-character","14":"product_cat-figure-feature","15":"product_cat-figure-height","16":"product_cat-figure-scale","17":"product_cat-figure-status","18":"product_cat-figure-studio","19":"product_cat-figure-type","20":"product_cat-gong-studio","21":"product_cat-ling-cage-incarnation","22":"product_cat-orderable","23":"product_cat-other","24":"product_cat-pre-order","25":"product_cat-stock-status","27":"first","28":"instock","29":"purchasable","30":"product-type-simple"},"_links":{"self":[{"href":"https:\/\/gkbuyer.com\/fr\/wp-json\/wp\/v2\/product\/236188","targetHints":{"allow":["GET"]}}],"collection":[{"href":"https:\/\/gkbuyer.com\/fr\/wp-json\/wp\/v2\/product"}],"about":[{"href":"https:\/\/gkbuyer.com\/fr\/wp-json\/wp\/v2\/types\/product"}],"replies":[{"embeddable":true,"href":"https:\/\/gkbuyer.com\/fr\/wp-json\/wp\/v2\/comments?post=236188"}],"version-history":[{"count":0,"href":"https:\/\/gkbuyer.com\/fr\/wp-json\/wp\/v2\/product\/236188\/revisions"}],"wp:featuredmedia":[{"embeddable":true,"href":"https:\/\/gkbuyer.com\/fr\/wp-json\/wp\/v2\/media\/232734"}],"wp:attachment":[{"href":"https:\/\/gkbuyer.com\/fr\/wp-json\/wp\/v2\/media?parent=236188"}],"wp:term":[{"taxonomy":"product_brand","embeddable":true,"href":"https:\/\/gkbuyer.com\/fr\/wp-json\/wp\/v2\/product_brand?post=236188"},{"taxonomy":"product_cat","embeddable":true,"href":"https:\/\/gkbuyer.com\/fr\/wp-json\/wp\/v2\/product_cat?post=236188"},{"taxonomy":"product_tag","embeddable":true,"href":"https:\/\/gkbuyer.com\/fr\/wp-json\/wp\/v2\/product_tag?post=236188"}],"curies":[{"name":"wp","href":"https:\/\/api.w.org\/{rel}","templated":true}]}}