{"id":240255,"date":"2025-10-09T14:53:27","date_gmt":"2025-10-09T14:53:27","guid":{"rendered":"https:\/\/gkbuyer.com\/product\/medicos-e-super-action-statue-jojos-bizarre-adventure-part-4-killer-queen-x-yoshikage-kira-licensed\/"},"modified":"2025-10-09T14:54:15","modified_gmt":"2025-10-09T14:54:15","slug":"medicos-e-super-action-statue-jojos-bizarre-adventure-part-4-killer-queen-x-yoshikage-kira-licensed","status":"publish","type":"product","link":"https:\/\/gkbuyer.com\/fr\/product\/medicos-e-super-action-statue-jojos-bizarre-adventure-part-4-killer-queen-x-yoshikage-kira-licensed\/","title":{"rendered":"MEDICOS-E &#8211; Super Action Statue JoJo&#8217;s Bizarre Adventure Part 4 Killer Queen X Yoshikage Kira (Licensed)"},"content":{"rendered":"<p>About this item<br \/>\nRelease Date Apr-2026<br \/>\nJAN code 4573699544859<br \/>\nBrand Medicos Entertainment<br \/>\nProduct Line Chozo SeriesSuper Action Statue<br \/>\nSeries Title JoJo&#8217;s Bizarre Adventure Part.IV Diamond Is Unbreakable&#8221;JoJo&#8217;s Bizarre Adventure&#8221; Series<br \/>\nCharacter Name Killer QueenStray Cat(Nekogusa)<br \/>\nSculptor PROGRESS<br \/>\nThe maximum purchase quantity for this item is 2 per account\/shipping address.<br \/>\nCaract\u00e9ristiques Figurine articul\u00e9e pr\u00e9-peinte<br \/>\nSize: Approx. H155mm<br \/>\nMaterial: PVC &#038; ABS &#038; Nylon<\/p>\n<p>[Contenu du coffret]<br \/>\nMain figure<br \/>\nOption part<br \/>\nBase<br \/>\nDetails Sculptor: PROGRESS<br \/>\nSculpture Producer: Takumi Kobo<\/p>\n<p>*The product cannot stand on its own. Please use the included base.<\/p>\n<p>About this item<br \/>\nRelease Date Apr-2026<br \/>\nJAN code 4573699544842<br \/>\nBrand Medicos Entertainment<br \/>\nProduct Line Chozo SeriesSuper Action Statue<br \/>\nSeries Title JoJo&#8217;s Bizarre Adventure Part.IV Diamond Is Unbreakable&#8221;JoJo&#8217;s Bizarre Adventure&#8221; Series<br \/>\nCharacter Name Yoshikage Kira Sheer Heart Attack<br \/>\nSculptor PROGRESS<br \/>\nThe maximum purchase quantity for this item is 2 per account\/shipping address.<br \/>\nCaract\u00e9ristiques Figurine articul\u00e9e pr\u00e9-peinte<br \/>\nSize: Approx. H145mm<br \/>\nMaterial: PVC &#038; ABS &#038; Nylon<\/p>\n<p>[Contenu du coffret]<br \/>\nMain figure<br \/>\nOption part<br \/>\nBase<br \/>\nDetails Sculptor: PROGRESS<br \/>\nSculpture Producer: Takumi Kobo<\/p>\n<p>*The product cannot stand on its own. Please use the included base.<\/p>","protected":false},"excerpt":{"rendered":"<p>About this item Release Date Apr-2026 JAN code 4573699544859 Brand Medicos Entertainment Product Line Chozo SeriesSuper Action Statue Series Title<\/p>","protected":false},"featured_media":236877,"comment_status":"open","ping_status":"open","template":"","meta":{"_bbp_topic_count":0,"_bbp_reply_count":0,"_bbp_total_topic_count":0,"_bbp_total_reply_count":0,"_bbp_voice_count":0,"_bbp_anonymous_reply_count":0,"_bbp_topic_count_hidden":0,"_bbp_reply_count_hidden":0,"_bbp_forum_subforum_count":0},"product_brand":[],"product_cat":[6783,6956,6788,6789,6778,6786,6782,6784,6772,6776,6780,9748,15262,15263,13641,7410,6787,6785,12341,6774,12554],"product_tag":[],"class_list":{"0":"post-240255","1":"product","2":"type-product","3":"status-publish","4":"has-post-thumbnail","6":"product_cat-10-15cm","7":"product_cat-action-figure-licensed","8":"product_cat-all-figures","9":"product_cat-anime-figure","10":"product_cat-figure-character","11":"product_cat-figure-feature","12":"product_cat-figure-height","13":"product_cat-figure-scale","14":"product_cat-figure-status","15":"product_cat-figure-studio","16":"product_cat-figure-type","17":"product_cat-jojo","18":"product_cat-killer-queen","19":"product_cat-killer-queen-jojo","20":"product_cat-medicos-e","21":"product_cat-orderable","22":"product_cat-other","23":"product_cat-other-scale","24":"product_cat-pre-order","25":"product_cat-stock-status","26":"product_cat-yoshikage-kira","28":"first","29":"instock","30":"purchasable","31":"product-type-variable"},"_links":{"self":[{"href":"https:\/\/gkbuyer.com\/fr\/wp-json\/wp\/v2\/product\/240255","targetHints":{"allow":["GET"]}}],"collection":[{"href":"https:\/\/gkbuyer.com\/fr\/wp-json\/wp\/v2\/product"}],"about":[{"href":"https:\/\/gkbuyer.com\/fr\/wp-json\/wp\/v2\/types\/product"}],"replies":[{"embeddable":true,"href":"https:\/\/gkbuyer.com\/fr\/wp-json\/wp\/v2\/comments?post=240255"}],"version-history":[{"count":0,"href":"https:\/\/gkbuyer.com\/fr\/wp-json\/wp\/v2\/product\/240255\/revisions"}],"wp:featuredmedia":[{"embeddable":true,"href":"https:\/\/gkbuyer.com\/fr\/wp-json\/wp\/v2\/media\/236877"}],"wp:attachment":[{"href":"https:\/\/gkbuyer.com\/fr\/wp-json\/wp\/v2\/media?parent=240255"}],"wp:term":[{"taxonomy":"product_brand","embeddable":true,"href":"https:\/\/gkbuyer.com\/fr\/wp-json\/wp\/v2\/product_brand?post=240255"},{"taxonomy":"product_cat","embeddable":true,"href":"https:\/\/gkbuyer.com\/fr\/wp-json\/wp\/v2\/product_cat?post=240255"},{"taxonomy":"product_tag","embeddable":true,"href":"https:\/\/gkbuyer.com\/fr\/wp-json\/wp\/v2\/product_tag?post=240255"}],"curies":[{"name":"wp","href":"https:\/\/api.w.org\/{rel}","templated":true}]}}