{"id":298122,"date":"2025-09-09T00:00:00","date_gmt":"2025-09-09T00:00:00","guid":{"rendered":"https:\/\/gkbuyer.com\/product\/sunglasses-bear-studio-inuyasha-sesshoumaru-2\/"},"modified":"2025-10-30T18:39:55","modified_gmt":"2025-10-30T18:39:55","slug":"sunglasses-bear-studio-inuyasha-sesshoumaru-2","status":"publish","type":"product","link":"https:\/\/gkbuyer.com\/fr\/product\/sunglasses-bear-studio-inuyasha-sesshoumaru-2\/","title":{"rendered":"Sunglasses Bear Studio &#8211; Inuyasha Sesshoumaru"},"content":{"rendered":"<p>Studio:\u00a0Sunglasses Bear Studio<br \/>\nCat\u00e9gorie de produit : Figurines d&#039;action d&#039;anime, Statues, Objets de collection<br \/>\nProduct Name: Inuyasha Sesshoumaru<br \/>\nMat\u00e9riau : R\u00e9sine, r\u00e9sine PU (polyur\u00e9thane)<br \/>\nEst. Size:\u00a0 15cm (L) x 15cm (W) x 16cm (H)<br \/>\nPoids estim\u00e9 : \u2014<br \/>\nLimited No Of Unit:\u00a0160 units<br \/>\nEst. Completion:\u00a04th Quarter 2021 &#8211; 1st Quarter 2022<\/p>","protected":false},"excerpt":{"rendered":"<p>Studio:\u00a0Sunglasses Bear Studio Product Category:\u00a0Anime Action Figure, Statues, Collectibles Product Name: Inuyasha Sesshoumaru Material:\u00a0Resin, PU Resin (Polyurethane) Est. Size:\u00a0 15cm<\/p>","protected":false},"featured_media":0,"comment_status":"open","ping_status":"open","template":"","meta":[],"product_brand":[],"product_cat":[6798,6788,6789,6775,6778,6786,6782,6784,6772,6776,6780,6781,7193,6787,6785,12420,7192,6774,17095],"product_tag":[],"class_list":{"0":"post-298122","1":"product","2":"type-product","3":"status-publish","5":"product_cat-16-25cm","6":"product_cat-all-figures","7":"product_cat-anime-figure","8":"product_cat-contact-customer-service-for-spot-price","9":"product_cat-figure-character","10":"product_cat-figure-feature","11":"product_cat-figure-height","12":"product_cat-figure-scale","13":"product_cat-figure-status","14":"product_cat-figure-studio","15":"product_cat-figure-type","16":"product_cat-gk-statue","17":"product_cat-inuyasha","18":"product_cat-other","19":"product_cat-other-scale","20":"product_cat-pre-order-close","21":"product_cat-sesshomaru","22":"product_cat-stock-status","23":"product_cat-sunglasses-bear-studio","25":"first","26":"instock","27":"purchasable","28":"product-type-simple"},"_links":{"self":[{"href":"https:\/\/gkbuyer.com\/fr\/wp-json\/wp\/v2\/product\/298122","targetHints":{"allow":["GET"]}}],"collection":[{"href":"https:\/\/gkbuyer.com\/fr\/wp-json\/wp\/v2\/product"}],"about":[{"href":"https:\/\/gkbuyer.com\/fr\/wp-json\/wp\/v2\/types\/product"}],"replies":[{"embeddable":true,"href":"https:\/\/gkbuyer.com\/fr\/wp-json\/wp\/v2\/comments?post=298122"}],"version-history":[{"count":0,"href":"https:\/\/gkbuyer.com\/fr\/wp-json\/wp\/v2\/product\/298122\/revisions"}],"wp:attachment":[{"href":"https:\/\/gkbuyer.com\/fr\/wp-json\/wp\/v2\/media?parent=298122"}],"wp:term":[{"taxonomy":"product_brand","embeddable":true,"href":"https:\/\/gkbuyer.com\/fr\/wp-json\/wp\/v2\/product_brand?post=298122"},{"taxonomy":"product_cat","embeddable":true,"href":"https:\/\/gkbuyer.com\/fr\/wp-json\/wp\/v2\/product_cat?post=298122"},{"taxonomy":"product_tag","embeddable":true,"href":"https:\/\/gkbuyer.com\/fr\/wp-json\/wp\/v2\/product_tag?post=298122"}],"curies":[{"name":"wp","href":"https:\/\/api.w.org\/{rel}","templated":true}]}}