{"id":367630,"date":"2025-11-24T06:47:12","date_gmt":"2025-11-24T06:47:12","guid":{"rendered":"https:\/\/snow-vulture-127229.hostingersite.com\/product\/orange-rouge-nendoroid-ouran-high-school-host-club-tamaki-suoh-licensed-2\/"},"modified":"2025-11-24T06:47:36","modified_gmt":"2025-11-24T06:47:36","slug":"orange-rouge-nendoroid-ouran-high-school-host-club-tamaki-suoh-licensed-2","status":"publish","type":"product","link":"https:\/\/gkbuyer.com\/fr\/product\/orange-rouge-nendoroid-ouran-high-school-host-club-tamaki-suoh-licensed-2\/","title":{"rendered":"Orange Rouge &#8211; Nendoroid Ouran High School Host Club Tamaki Suoh (Licensed)"},"content":{"rendered":"<p>About this item<br \/>\nRelease Date Feb-2026<br \/>\nJAN code 4580828663930<br \/>\nBrand Good Smile CompanyOrange Rouge<br \/>\nProduct Line &#8220;Nendoroid&#8221; SeriesNendoroid<br \/>\nSeries Title Ouran High School Host Club<br \/>\nCharacter Name Tamaki Suoh<br \/>\nCaract\u00e9ristiques Figurine articul\u00e9e pr\u00e9-peinte<br \/>\nSize: Approx. H100mm (non-scale)<br \/>\nMaterial: Plastic<\/p>\n<p>[Contenu du coffret]<br \/>\nMain figure<br \/>\nBase<br \/>\nDetails Sculptor: qxy<br \/>\nCooperation: Nendoron<br \/>\nPlanning\/Production: Good Smile Company<\/p>\n<p>From the anime series &#8220;Ouran High School Host Club&#8221; comes a Nendoroid of Tamaki Suoh!<\/p>\n<p>Face plates:<br \/>\n-Smiling face<br \/>\n-Confident face<br \/>\n-Smitten face<\/p>\n<p>Optional parts:<br \/>\n-Chair<br \/>\n-Red rose<br \/>\n-Kuma-chan<br \/>\n-Other optional parts for different poses.<\/p>\n<p>*The figure cannot stand on its own. Please use the included base.<\/p>","protected":false},"excerpt":{"rendered":"<p>About this item Release Date Feb-2026 JAN code 4580828663930 Brand Good Smile CompanyOrange Rouge Product Line &#8220;Nendoroid&#8221; SeriesNendoroid Series Title<\/p>","protected":false},"featured_media":357353,"comment_status":"open","ping_status":"open","template":"","meta":[],"product_brand":[],"product_cat":[6783,6788,6789,6778,6786,6782,6784,6772,6776,6780,6838,13899,7410,6787,6785,18138,12341,6774,18139,18137],"product_tag":[],"class_list":{"0":"post-367630","1":"product","2":"type-product","3":"status-publish","4":"has-post-thumbnail","6":"product_cat-10-15cm","7":"product_cat-all-figures","8":"product_cat-anime-figure","9":"product_cat-figure-character","10":"product_cat-figure-feature","11":"product_cat-figure-height","12":"product_cat-figure-scale","13":"product_cat-figure-status","14":"product_cat-figure-studio","15":"product_cat-figure-type","16":"product_cat-licensed-figure","17":"product_cat-orange-rouge","18":"product_cat-orderable","19":"product_cat-other","20":"product_cat-other-scale","21":"product_cat-ouran-high-school-host-club","22":"product_cat-pre-order","23":"product_cat-stock-status","24":"product_cat-suou-tamaki-ouran-high-school-host-club","25":"product_cat-suou-tamaki","26":"pa_feature-other","27":"pa_height-10-15cm","28":"pa_production-status-pre-order","29":"pa_release-time-status-2026-02","30":"pa_scale-other-scale","31":"pa_stock-released-status-orderable","32":"pa_studio-orange-rouge","33":"pa_type-2-licensed-figure","35":"first","36":"instock","37":"purchasable","38":"product-type-simple"},"_links":{"self":[{"href":"https:\/\/gkbuyer.com\/fr\/wp-json\/wp\/v2\/product\/367630","targetHints":{"allow":["GET"]}}],"collection":[{"href":"https:\/\/gkbuyer.com\/fr\/wp-json\/wp\/v2\/product"}],"about":[{"href":"https:\/\/gkbuyer.com\/fr\/wp-json\/wp\/v2\/types\/product"}],"replies":[{"embeddable":true,"href":"https:\/\/gkbuyer.com\/fr\/wp-json\/wp\/v2\/comments?post=367630"}],"version-history":[{"count":0,"href":"https:\/\/gkbuyer.com\/fr\/wp-json\/wp\/v2\/product\/367630\/revisions"}],"wp:featuredmedia":[{"embeddable":true,"href":"https:\/\/gkbuyer.com\/fr\/wp-json\/wp\/v2\/media\/357353"}],"wp:attachment":[{"href":"https:\/\/gkbuyer.com\/fr\/wp-json\/wp\/v2\/media?parent=367630"}],"wp:term":[{"taxonomy":"product_brand","embeddable":true,"href":"https:\/\/gkbuyer.com\/fr\/wp-json\/wp\/v2\/product_brand?post=367630"},{"taxonomy":"product_cat","embeddable":true,"href":"https:\/\/gkbuyer.com\/fr\/wp-json\/wp\/v2\/product_cat?post=367630"},{"taxonomy":"product_tag","embeddable":true,"href":"https:\/\/gkbuyer.com\/fr\/wp-json\/wp\/v2\/product_tag?post=367630"}],"curies":[{"name":"wp","href":"https:\/\/api.w.org\/{rel}","templated":true}]}}