{"id":367633,"date":"2025-11-24T06:48:16","date_gmt":"2025-11-24T06:48:16","guid":{"rendered":"https:\/\/snow-vulture-127229.hostingersite.com\/product\/gsc-figma-movie-fate-kaleid-liner-prisma-illya-licht-nameless-girl-illyasviel-von-einzbern-licensed-2\/"},"modified":"2025-11-24T06:48:48","modified_gmt":"2025-11-24T06:48:48","slug":"gsc-figma-movie-fate-kaleid-liner-prisma-illya-licht-nameless-girl-illyasviel-von-einzbern-licensed-2","status":"publish","type":"product","link":"https:\/\/gkbuyer.com\/fr\/product\/gsc-figma-movie-fate-kaleid-liner-prisma-illya-licht-nameless-girl-illyasviel-von-einzbern-licensed-2\/","title":{"rendered":"GSC &#8211; figma Movie &#8220;Fate\/kaleid liner PRISMA ILLYA Licht Nameless Girl &#8221; Illyasviel von Einzbern (Licensed)"},"content":{"rendered":"<p>About this item<br \/>\nDate de sortie : juillet 2026<br \/>\nJAN code 4580828664326<br \/>\nBrand Good Smile Company<br \/>\nProduct Line figma Seriesfigma<br \/>\nSeries Title Movie Fate\/Kaleid Liner Prisma Illya: Licht &#8211; The Nameless Girl&#8221;Fate\/kaleid liner Prisma Illya&#8221; Series&#8221;Fate&#8221; Series<br \/>\nCharacter Name Illyasviel Von Einzbern (Illya\/Caster\/Archer)<br \/>\nCaract\u00e9ristiques Figurine articul\u00e9e pr\u00e9-peinte<br \/>\nSize: Approx. H130mm (non-scale)<br \/>\nMaterial: Plastic<\/p>\n<p>[Contenu du coffret]<br \/>\nMain figure<br \/>\nBase<br \/>\nDetails Cooperation: Masaki Apsy \/ Max Factory<\/p>\n<p>From the movie &#8220;Fate\/kaleid liner PRISMA ILLYA Licht Nameless Girl&#8221; comes a figma of Illyasviel von Einzbern!<\/p>\n<p>Face plates:<br \/>\n-Smiling face<br \/>\n-Combat face<br \/>\n-Funny face<\/p>\n<p>Optional parts:<br \/>\n-Magical Ruby<br \/>\n-Class card<br \/>\n-Other optional parts for different poses.<\/p>\n<p>*The figure cannot stand on its own. Please use the included base.<\/p>","protected":false},"excerpt":{"rendered":"<p>About this item Release Date Jul-2026 JAN code 4580828664326 Brand Good Smile Company Product Line figma Seriesfigma Series Title Movie<\/p>","protected":false},"featured_media":355874,"comment_status":"open","ping_status":"open","template":"","meta":[],"product_brand":[],"product_cat":[6783,6956,6788,6789,7655,6778,6786,6782,6784,6772,6776,6780,7118,12906,18143,7410,6787,6785,12341,6774],"product_tag":[],"class_list":{"0":"post-367633","1":"product","2":"type-product","3":"status-publish","4":"has-post-thumbnail","6":"product_cat-10-15cm","7":"product_cat-action-figure-licensed","8":"product_cat-all-figures","9":"product_cat-anime-figure","10":"product_cat-fate-series","11":"product_cat-figure-character","12":"product_cat-figure-feature","13":"product_cat-figure-height","14":"product_cat-figure-scale","15":"product_cat-figure-status","16":"product_cat-figure-studio","17":"product_cat-figure-type","18":"product_cat-good-smile-company","19":"product_cat-illyasviel-von-einzbern","20":"product_cat-illyasviel-von-einzbern-fate-series","21":"product_cat-orderable","22":"product_cat-other","23":"product_cat-other-scale","24":"product_cat-pre-order","25":"product_cat-stock-status","26":"pa_feature-other","27":"pa_height-10-15cm","28":"pa_production-status-pre-order","29":"pa_release-time-status-2026-07","30":"pa_scale-other-scale","31":"pa_stock-released-status-orderable","32":"pa_studio-good-smile-company","33":"pa_type-2-action-figure-licensed","35":"first","36":"instock","37":"purchasable","38":"product-type-simple"},"_links":{"self":[{"href":"https:\/\/gkbuyer.com\/fr\/wp-json\/wp\/v2\/product\/367633","targetHints":{"allow":["GET"]}}],"collection":[{"href":"https:\/\/gkbuyer.com\/fr\/wp-json\/wp\/v2\/product"}],"about":[{"href":"https:\/\/gkbuyer.com\/fr\/wp-json\/wp\/v2\/types\/product"}],"replies":[{"embeddable":true,"href":"https:\/\/gkbuyer.com\/fr\/wp-json\/wp\/v2\/comments?post=367633"}],"version-history":[{"count":0,"href":"https:\/\/gkbuyer.com\/fr\/wp-json\/wp\/v2\/product\/367633\/revisions"}],"wp:featuredmedia":[{"embeddable":true,"href":"https:\/\/gkbuyer.com\/fr\/wp-json\/wp\/v2\/media\/355874"}],"wp:attachment":[{"href":"https:\/\/gkbuyer.com\/fr\/wp-json\/wp\/v2\/media?parent=367633"}],"wp:term":[{"taxonomy":"product_brand","embeddable":true,"href":"https:\/\/gkbuyer.com\/fr\/wp-json\/wp\/v2\/product_brand?post=367633"},{"taxonomy":"product_cat","embeddable":true,"href":"https:\/\/gkbuyer.com\/fr\/wp-json\/wp\/v2\/product_cat?post=367633"},{"taxonomy":"product_tag","embeddable":true,"href":"https:\/\/gkbuyer.com\/fr\/wp-json\/wp\/v2\/product_tag?post=367633"}],"curies":[{"name":"wp","href":"https:\/\/api.w.org\/{rel}","templated":true}]}}