{"id":392211,"date":"2025-12-30T05:07:38","date_gmt":"2025-12-30T05:07:38","guid":{"rendered":"https:\/\/gkbuyer.com\/product\/premium-collectibles-studio-michael-myers-life-sized-bust-licensed\/"},"modified":"2025-12-30T05:09:35","modified_gmt":"2025-12-30T05:09:35","slug":"premium-collectibles-studio-michael-myers-life-sized-bust-licensed","status":"publish","type":"product","link":"https:\/\/gkbuyer.com\/fr\/product\/premium-collectibles-studio-michael-myers-life-sized-bust-licensed\/","title":{"rendered":"Premium Collectibles Studio &#8211; Michael Myers &#8211; Life-Sized Bust (Licensed)"},"content":{"rendered":"<p>Michael Myers &#8211; Life-Sized Bust<br \/>\nPremium Collectibles Studio presents the Michael Myers Life-Sized Bust based on the classic 1978 horror film, Halloween.<br \/>\nThis bust will bring an eerie atmosphere to any horror collection, combining an expertly sculpted recreation of Myers\u2019 iconic mask with high end finishes on the mixed media clothing and lifelike hair. Michael\u2019s head is cocked to the side just slightly giving him an unsettling, curious appearance sure to unnerve even the steeliest horror hound.<br \/>\nShipping Date: JUL 2026 &#8211; SEP 2026<br \/>\nProduct measurements in inches: 23.5&#8243;H x 18.5&#8243;W x10.5&#8243;D<br \/>\nScale:1:1<br \/>\nMichael Myers &#8211; Life-Sized Bust Deluxe<br \/>\nThe Deluxe Edition boasts a full torso allowing Michael to clutch his signature knife in his hand adding an extra layer of terror to this life-sized collectible. This version is situated on a simple museum style base measuring roughly 13\u201d wide and 9\u201ddeep.<br \/>\nShipping Date: JUL 2026 &#8211; SEP 2026<br \/>\nProduct measurements in inches: 34.5&#8243;H x 24&#8243;W x17&#8243;D<br \/>\n-Notice:<br \/>\nExemples de prototypes pr\u00e9sent\u00e9s.<br \/>\nLes d\u00e9tails du produit peuvent \u00eatre sujets \u00e0 changement sans pr\u00e9avis.<br \/>\nVeuillez noter que les sp\u00e9cifications du produit final peuvent diff\u00e9rer car chaque produit est fait \u00e0 la main.<br \/>\n\u00c9tant donn\u00e9 que le produit est encore en phase de d\u00e9veloppement, la taille (jusqu&#039;\u00e0 10%) et le poids (jusqu&#039;\u00e0 10 kg) peuvent \u00eatre modifi\u00e9s pendant la phase de production.<br \/>\n\u00a9 &#038; \u00ae2025 Compass International Pictures, Inc., All Rights Reserved.<\/p>","protected":false},"excerpt":{"rendered":"<p>Michael Myers &#8211; Life-Sized Bust Premium Collectibles Studio presents the Michael Myers Life-Sized Bust based on the classic 1978 horror<\/p>","protected":false},"featured_media":389260,"comment_status":"open","ping_status":"open","template":"","meta":[],"product_brand":[],"product_cat":[9040,9874,6788,7229,6778,6786,6782,6784,6772,6776,6780,23489,6913,7096,23490,12328,7031,7410,12341,14016,6774,7032],"product_tag":[],"class_list":{"0":"post-392211","1":"product","2":"type-product","3":"status-publish","4":"has-post-thumbnail","6":"product_cat-51-69cm","7":"product_cat-70-90cm","8":"product_cat-all-figures","9":"product_cat-bust","10":"product_cat-figure-character","11":"product_cat-figure-feature","12":"product_cat-figure-height","13":"product_cat-figure-scale","14":"product_cat-figure-status","15":"product_cat-figure-studio","16":"product_cat-figure-type","17":"product_cat-halloween","18":"product_cat-licensed-statue","19":"product_cat-life-size","20":"product_cat-michael-myers-halloween","21":"product_cat-michael-myers","22":"product_cat-movie","23":"product_cat-orderable","24":"product_cat-pre-order","25":"product_cat-premium-collectibles-studio","26":"product_cat-stock-status","27":"product_cat-tv-show-figure","28":"pa_character-michael-myers","29":"pa_feature-bust","30":"pa_height-51-69cm","31":"pa_height-figure-height70-90cm","32":"pa_production-status-pre-order","33":"pa_release-time-status-2026-09","34":"pa_scale-life-size","35":"pa_stock-released-status-orderable","36":"pa_studio-premium-collectibles-studio","37":"pa_type-2-licensed-statue","39":"first","40":"instock","41":"purchasable","42":"product-type-variable"},"_links":{"self":[{"href":"https:\/\/gkbuyer.com\/fr\/wp-json\/wp\/v2\/product\/392211","targetHints":{"allow":["GET"]}}],"collection":[{"href":"https:\/\/gkbuyer.com\/fr\/wp-json\/wp\/v2\/product"}],"about":[{"href":"https:\/\/gkbuyer.com\/fr\/wp-json\/wp\/v2\/types\/product"}],"replies":[{"embeddable":true,"href":"https:\/\/gkbuyer.com\/fr\/wp-json\/wp\/v2\/comments?post=392211"}],"version-history":[{"count":0,"href":"https:\/\/gkbuyer.com\/fr\/wp-json\/wp\/v2\/product\/392211\/revisions"}],"wp:featuredmedia":[{"embeddable":true,"href":"https:\/\/gkbuyer.com\/fr\/wp-json\/wp\/v2\/media\/389260"}],"wp:attachment":[{"href":"https:\/\/gkbuyer.com\/fr\/wp-json\/wp\/v2\/media?parent=392211"}],"wp:term":[{"taxonomy":"product_brand","embeddable":true,"href":"https:\/\/gkbuyer.com\/fr\/wp-json\/wp\/v2\/product_brand?post=392211"},{"taxonomy":"product_cat","embeddable":true,"href":"https:\/\/gkbuyer.com\/fr\/wp-json\/wp\/v2\/product_cat?post=392211"},{"taxonomy":"product_tag","embeddable":true,"href":"https:\/\/gkbuyer.com\/fr\/wp-json\/wp\/v2\/product_tag?post=392211"}],"curies":[{"name":"wp","href":"https:\/\/api.w.org\/{rel}","templated":true}]}}